{"id":767,"date":"2017-10-23T14:51:30","date_gmt":"2017-10-23T12:51:30","guid":{"rendered":"http:\/\/cacis-asso.net\/?page_id=767"},"modified":"2025-07-29T11:12:47","modified_gmt":"2025-07-29T09:12:47","slug":"liens-utiles","status":"publish","type":"page","link":"https:\/\/cacis-asso.net\/index.php\/liens-utiles\/","title":{"rendered":"Liens utiles et outils"},"content":{"rendered":"\n<h1 class=\"wp-block-heading\"><strong>Des outils \u00e0 t\u00e9l\u00e9charger<\/strong><\/h1>\n\n\n\n<p>Les outils ci-dessous ont \u00e9t\u00e9 cr\u00e9\u00e9s par l\u2019\u00e9quipe du CACIS, qui souhaite les rendre accessibles \u00e0 tous\u00b7tes, c\u2019est pourquoi ils sont sous licence&nbsp;<strong>Creative Commons Attribution \u2013 Pas d\u2019Utilisation Commerciale \u2013 Partage dans les M\u00eames Conditions 4.0 International<\/strong><\/p>\n\n\n\n<p><strong>Cette licence exige<\/strong>&nbsp;que les r\u00e9utilisateurs&nbsp;<strong>mentionnent le cr\u00e9ateur<\/strong>. Elle leur permet de distribuer, remixer, adapter et exploiter le contenu sur tout support et format, \u00e0 des&nbsp;<strong>fins non commerciales uniquement<\/strong>. Si d\u2019autres personnes modifient ou adaptent le contenu, elles doivent le conc\u00e9der sous&nbsp;<strong>licence selon les m\u00eames conditions<\/strong>.<br>Pour en savoir plus&nbsp;<a href=\"https:\/\/creativecommons.org\/licenses\/by-nc-sa\/4.0\/\" target=\"_blank\" rel=\"noreferrer noopener\">https:\/\/creativecommons.org\/licenses\/by-nc-sa\/4.0\/<\/a><\/p>\n\n\n\n<div class=\"wp-block-media-text is-stacked-on-mobile\"><figure class=\"wp-block-media-text__media\"><a href=\"https:\/\/cacis-asso.net\/wp-content\/uploads\/2025\/07\/Cahier-de-vacances-CACIS-2025-CC.pdf\" target=\"_blank\" rel=\" noreferrer noopener\"><img loading=\"lazy\" decoding=\"async\" width=\"1024\" height=\"1024\" src=\"https:\/\/cacis-asso.net\/wp-content\/uploads\/2025\/07\/bouton-cahier-de-Vac-2025-1024x1024.jpg\" alt=\"\" class=\"wp-image-1533 size-full\" srcset=\"https:\/\/cacis-asso.net\/wp-content\/uploads\/2025\/07\/bouton-cahier-de-Vac-2025-1024x1024.jpg 1024w, https:\/\/cacis-asso.net\/wp-content\/uploads\/2025\/07\/bouton-cahier-de-Vac-2025-300x300.jpg 300w, https:\/\/cacis-asso.net\/wp-content\/uploads\/2025\/07\/bouton-cahier-de-Vac-2025-150x150.jpg 150w, https:\/\/cacis-asso.net\/wp-content\/uploads\/2025\/07\/bouton-cahier-de-Vac-2025-768x768.jpg 768w, https:\/\/cacis-asso.net\/wp-content\/uploads\/2025\/07\/bouton-cahier-de-Vac-2025-1536x1536.jpg 1536w, https:\/\/cacis-asso.net\/wp-content\/uploads\/2025\/07\/bouton-cahier-de-Vac-2025-2048x2048.jpg 2048w, https:\/\/cacis-asso.net\/wp-content\/uploads\/2025\/07\/bouton-cahier-de-Vac-2025-100x100.jpg 100w\" sizes=\"auto, (max-width: 767px) 89vw, (max-width: 1000px) 54vw, (max-width: 1071px) 543px, 580px\" \/><\/a><\/figure><div class=\"wp-block-media-text__content\">\n<p>Le&nbsp;<strong>Cahier de Vacances<\/strong>, il suffit de le&nbsp;<strong>t\u00e9l\u00e9charger<\/strong>, puis l<strong>\u2018imprimer<\/strong>&nbsp;et&nbsp;<strong>assembler<\/strong>&nbsp;en suivant&nbsp;<strong>quelques indications&nbsp;<\/strong>:<br>\u2013 imprimer en taille r\u00e9elle<br>\u2013 recto-verso, retourner cot\u00e9 court<br>\u2013 plier et agrafer au milieu<br><strong>s\u2019allonger, prendre un stylo et c\u2019est parti<\/strong><\/p>\n<\/div><\/div>\n\n\n\n<div class=\"wp-block-media-text has-media-on-the-right is-stacked-on-mobile\"><div class=\"wp-block-media-text__content\">\n<p>Trois th\u00e9matiques CACIS pour l&rsquo;\u00e9ternelle Cocotte \u00e0 plier pour jouer \u00e0 s&rsquo;interroger &#8230;<br>Il suffit t\u00e9l\u00e9charger la cocotte, de l&rsquo;imprimer ! en taille r\u00e9elle !  <\/p>\n\n\n\n<div class=\"wp-block-buttons is-layout-flex wp-block-buttons-is-layout-flex\">\n<div class=\"wp-block-button is-style-fill\"><a class=\"wp-block-button__link has-background wp-element-button\" href=\"https:\/\/cacis-asso.net\/wp-content\/uploads\/2025\/07\/C-Emotions-CC.pdf\" style=\"background-color:#e50656\" target=\"_blank\" rel=\"noreferrer noopener\">Cocotte \u00c9motions<\/a><\/div>\n\n\n\n<div class=\"wp-block-button\"><a class=\"wp-block-button__link has-background has-small-font-size has-custom-font-size wp-element-button\" href=\"https:\/\/cacis-asso.net\/wp-content\/uploads\/2025\/07\/C-Puberte-CC.pdf\" style=\"border-radius:100px;background-color:#e50656;line-height:1.5\" target=\"_blank\" rel=\"noreferrer noopener\">Cocotte Pubert\u00e9<\/a><\/div>\n\n\n\n<div class=\"wp-block-button\"><a class=\"wp-block-button__link has-background wp-element-button\" href=\"https:\/\/cacis-asso.net\/wp-content\/uploads\/2025\/07\/C-Prev-Violences-CC.pdf\" style=\"background-color:#e50656\" target=\"_blank\" rel=\"noreferrer noopener\">Cocotte Pr\u00e9vention Violences<\/a><\/div>\n<\/div>\n<\/div><figure class=\"wp-block-media-text__media\"><img loading=\"lazy\" decoding=\"async\" width=\"1024\" height=\"989\" src=\"https:\/\/cacis-asso.net\/wp-content\/uploads\/2025\/07\/Visuel-cocotte-1024x989.jpg\" alt=\"\" class=\"wp-image-1534 size-full\" srcset=\"https:\/\/cacis-asso.net\/wp-content\/uploads\/2025\/07\/Visuel-cocotte-1024x989.jpg 1024w, https:\/\/cacis-asso.net\/wp-content\/uploads\/2025\/07\/Visuel-cocotte-300x290.jpg 300w, https:\/\/cacis-asso.net\/wp-content\/uploads\/2025\/07\/Visuel-cocotte-768x741.jpg 768w, https:\/\/cacis-asso.net\/wp-content\/uploads\/2025\/07\/Visuel-cocotte-1536x1483.jpg 1536w, https:\/\/cacis-asso.net\/wp-content\/uploads\/2025\/07\/Visuel-cocotte-2048x1977.jpg 2048w\" sizes=\"auto, (max-width: 767px) 89vw, (max-width: 1000px) 54vw, (max-width: 1071px) 543px, 580px\" \/><\/figure><\/div>\n\n\n\n<h3 class=\"wp-block-heading\"><strong>Plein d&rsquo;infos l\u00e0, et l\u00e0 et aussi l\u00e0 &#8230;<\/strong><\/h3>\n\n\n\n<figure class=\"wp-block-gallery has-nested-images columns-3 is-cropped has-white-background-color has-background wp-block-gallery-1 is-layout-flex wp-block-gallery-is-layout-flex\">\n<figure class=\"wp-block-image size-large is-style-default\"><a href=\"https:\/\/addictions-france.org\/\" target=\"_blank\" rel=\"noreferrer noopener\"><img loading=\"lazy\" decoding=\"async\" width=\"600\" height=\"450\" data-id=\"1385\" src=\"https:\/\/cacis-asso.net\/wp-content\/uploads\/2023\/02\/Logo-asso-addiction-France.jpg\" alt=\"\" class=\"wp-image-1385\" srcset=\"https:\/\/cacis-asso.net\/wp-content\/uploads\/2023\/02\/Logo-asso-addiction-France.jpg 600w, https:\/\/cacis-asso.net\/wp-content\/uploads\/2023\/02\/Logo-asso-addiction-France-300x225.jpg 300w\" sizes=\"auto, (max-width: 600px) 100vw, 600px\" \/><\/a><\/figure>\n\n\n\n<figure class=\"wp-block-image size-large is-style-default\"><a href=\"https:\/\/questionsexualite.fr\/choisir-sa-contraception?gclid=CjwKCAjwj8bPBRBiEiwASlFLFSMmB7Fc6H_SfUC7srP71r2PyoENa-H_6WQKqz__9jdocXi3OmsKhhoC_1QQAvD_BwE\" target=\"_blank\" rel=\"noreferrer noopener\"><img loading=\"lazy\" decoding=\"async\" width=\"175\" height=\"163\" data-id=\"907\" src=\"https:\/\/cacis-asso.net\/wp-content\/uploads\/2017\/10\/image.jpg\" alt=\"\" class=\"wp-image-907\"\/><\/a><figcaption class=\"wp-element-caption\"><mark style=\"background-color:#ffffff\" class=\"has-inline-color has-black-color\"><strong>toutes les infos contraception<\/strong><\/mark><\/figcaption><\/figure>\n\n\n\n<figure class=\"wp-block-image size-large is-style-rounded\"><a href=\"http:\/\/www.filsantejeunes.com\/\" target=\"_blank\" rel=\"noreferrer noopener\"><img loading=\"lazy\" decoding=\"async\" width=\"1000\" height=\"666\" data-id=\"896\" src=\"https:\/\/cacis-asso.net\/wp-content\/uploads\/2017\/10\/Fil-Sante-Jeunes-900x600-1315032491-1.png\" alt=\"\" class=\"wp-image-896\" srcset=\"https:\/\/cacis-asso.net\/wp-content\/uploads\/2017\/10\/Fil-Sante-Jeunes-900x600-1315032491-1.png 1000w, https:\/\/cacis-asso.net\/wp-content\/uploads\/2017\/10\/Fil-Sante-Jeunes-900x600-1315032491-1-300x200.png 300w, https:\/\/cacis-asso.net\/wp-content\/uploads\/2017\/10\/Fil-Sante-Jeunes-900x600-1315032491-1-768x511.png 768w\" sizes=\"auto, (max-width: 767px) 89vw, (max-width: 1000px) 54vw, (max-width: 1071px) 543px, 580px\" \/><\/a><figcaption class=\"wp-element-caption\"><strong>Sant\u00e9, sexualit\u00e9, amour, mal-\u00eatre, des r\u00e9ponses pour les 12-25 ans <\/strong><\/figcaption><\/figure>\n\n\n\n<figure class=\"wp-block-image size-full is-style-default\"><a href=\"https:\/\/leiaestla.fr\/\" target=\"_blank\" rel=\"noreferrer noopener\"><img loading=\"lazy\" decoding=\"async\" width=\"1075\" height=\"928\" data-id=\"1503\" src=\"https:\/\/cacis-asso.net\/wp-content\/uploads\/2024\/05\/LOGO-LEIA-SEUL-V2.png\" alt=\"\" class=\"wp-image-1503\" srcset=\"https:\/\/cacis-asso.net\/wp-content\/uploads\/2024\/05\/LOGO-LEIA-SEUL-V2.png 1075w, https:\/\/cacis-asso.net\/wp-content\/uploads\/2024\/05\/LOGO-LEIA-SEUL-V2-300x259.png 300w, https:\/\/cacis-asso.net\/wp-content\/uploads\/2024\/05\/LOGO-LEIA-SEUL-V2-1024x884.png 1024w, https:\/\/cacis-asso.net\/wp-content\/uploads\/2024\/05\/LOGO-LEIA-SEUL-V2-768x663.png 768w\" sizes=\"auto, (max-width: 767px) 89vw, (max-width: 1000px) 54vw, (max-width: 1071px) 543px, 580px\" \/><\/a><\/figure>\n\n\n\n<figure class=\"wp-block-image size-large is-style-rounded\"><a href=\"https:\/\/www.sida-info-service.org\/Centre-De-Depistage-VIH-Sida-Ville-de-Bordeaux\" target=\"_blank\" rel=\"noreferrer noopener\"><img loading=\"lazy\" decoding=\"async\" width=\"287\" height=\"321\" data-id=\"883\" src=\"https:\/\/cacis-asso.net\/wp-content\/uploads\/2017\/10\/8ca90c71d2fa24511d765c022806e141-e1509026562503.png\" alt=\"\" class=\"wp-image-883\" srcset=\"https:\/\/cacis-asso.net\/wp-content\/uploads\/2017\/10\/8ca90c71d2fa24511d765c022806e141-e1509026562503.png 287w, https:\/\/cacis-asso.net\/wp-content\/uploads\/2017\/10\/8ca90c71d2fa24511d765c022806e141-e1509026562503-268x300.png 268w\" sizes=\"auto, (max-width: 287px) 100vw, 287px\" \/><\/a><\/figure>\n\n\n\n<figure class=\"wp-block-image size-full is-style-default\"><a href=\"https:\/\/www.le-girofard.org\/\" target=\"_blank\" rel=\"noreferrer noopener\"><img loading=\"lazy\" decoding=\"async\" width=\"240\" height=\"240\" data-id=\"1406\" src=\"https:\/\/cacis-asso.net\/wp-content\/uploads\/2023\/02\/Girofard-LOGO-petit.png\" alt=\"\" class=\"wp-image-1406\" srcset=\"https:\/\/cacis-asso.net\/wp-content\/uploads\/2023\/02\/Girofard-LOGO-petit.png 240w, https:\/\/cacis-asso.net\/wp-content\/uploads\/2023\/02\/Girofard-LOGO-petit-150x150.png 150w, https:\/\/cacis-asso.net\/wp-content\/uploads\/2023\/02\/Girofard-LOGO-petit-100x100.png 100w\" sizes=\"auto, (max-width: 240px) 100vw, 240px\" \/><\/a><\/figure>\n\n\n\n<figure class=\"wp-block-image size-large is-style-rounded\"><a href=\"https:\/\/www.mda33.fr\/\" target=\"_blank\" rel=\"noreferrer noopener\"><img loading=\"lazy\" decoding=\"async\" width=\"250\" height=\"250\" data-id=\"889\" src=\"https:\/\/cacis-asso.net\/wp-content\/uploads\/2017\/10\/logo.png\" alt=\"\" class=\"wp-image-889\" srcset=\"https:\/\/cacis-asso.net\/wp-content\/uploads\/2017\/10\/logo.png 250w, https:\/\/cacis-asso.net\/wp-content\/uploads\/2017\/10\/logo-150x150.png 150w, https:\/\/cacis-asso.net\/wp-content\/uploads\/2017\/10\/logo-100x100.png 100w\" sizes=\"auto, (max-width: 250px) 100vw, 250px\" \/><\/a><\/figure>\n\n\n\n<figure class=\"wp-block-image size-full is-style-default\"><a href=\"https:\/\/passmirail.com\/\" target=\"_blank\" rel=\"noreferrer noopener\"><img loading=\"lazy\" decoding=\"async\" width=\"150\" height=\"116\" data-id=\"1407\" src=\"https:\/\/cacis-asso.net\/wp-content\/uploads\/2023\/02\/Logo_pass_mirail_COULEUR.png\" alt=\"\" class=\"wp-image-1407\"\/><\/a><figcaption class=\"wp-element-caption\"><mark style=\"background-color:#ffffff\" class=\"has-inline-color has-black-color\"><strong>Pass<\/strong><\/mark><strong><mark style=\"background-color:#ffffff\" class=\"has-inline-color\">&lsquo;Mirail : <\/mark><\/strong><strong><mark style=\"background-color:#ffffff\" class=\"has-inline-color\">li<\/mark><\/strong><mark style=\"background-color:#ffffff\" class=\"has-inline-color\"><strong>eu d\u2019accueil libre, anonyme et gratuit pour les 18-25 ans en souffrance psychique<\/strong><\/mark><\/figcaption><\/figure>\n\n\n\n<figure class=\"wp-block-image size-large is-style-default\"><a href=\"https:\/\/www.gironde.fr\/acteurs-jeunesse\/les-ressources\/centres-de-planification-et-deducation-familiale\" target=\"_blank\" rel=\"noreferrer noopener\"><img loading=\"lazy\" decoding=\"async\" width=\"253\" height=\"258\" data-id=\"895\" src=\"https:\/\/cacis-asso.net\/wp-content\/uploads\/2017\/10\/cpef-1.png\" alt=\"\" class=\"wp-image-895\"\/><\/a><\/figure>\n\n\n\n<figure class=\"wp-block-image size-large is-style-default\"><a href=\"http:\/\/www.cpct-bordeaux.fr\/\" target=\"_blank\" rel=\"noreferrer noopener\"><img loading=\"lazy\" decoding=\"async\" width=\"458\" height=\"206\" data-id=\"885\" src=\"https:\/\/cacis-asso.net\/wp-content\/uploads\/2017\/10\/cpct-illustration-structure-accueil-psychanalyse.png\" alt=\"\" class=\"wp-image-885\" srcset=\"https:\/\/cacis-asso.net\/wp-content\/uploads\/2017\/10\/cpct-illustration-structure-accueil-psychanalyse.png 458w, https:\/\/cacis-asso.net\/wp-content\/uploads\/2017\/10\/cpct-illustration-structure-accueil-psychanalyse-300x135.png 300w\" sizes=\"auto, (max-width: 458px) 100vw, 458px\" \/><\/a><\/figure>\n\n\n\n<figure class=\"wp-block-image size-large is-style-default\"><a href=\"https:\/\/ceid-addiction.com\/jeunes\/\" target=\"_blank\" rel=\"noreferrer noopener\"><img loading=\"lazy\" decoding=\"async\" width=\"960\" height=\"720\" data-id=\"894\" src=\"https:\/\/cacis-asso.net\/wp-content\/uploads\/2017\/10\/slide_1.jpg\" alt=\"\" class=\"wp-image-894\" srcset=\"https:\/\/cacis-asso.net\/wp-content\/uploads\/2017\/10\/slide_1.jpg 960w, https:\/\/cacis-asso.net\/wp-content\/uploads\/2017\/10\/slide_1-300x225.jpg 300w, https:\/\/cacis-asso.net\/wp-content\/uploads\/2017\/10\/slide_1-768x576.jpg 768w\" sizes=\"auto, (max-width: 767px) 89vw, (max-width: 1000px) 54vw, (max-width: 1071px) 543px, 580px\" \/><\/a><\/figure>\n\n\n\n<figure class=\"wp-block-image size-large is-style-default\"><a href=\"https:\/\/www.onsexprime.fr\/\" target=\"_blank\" rel=\"noreferrer noopener\"><img loading=\"lazy\" decoding=\"async\" width=\"1024\" height=\"967\" data-id=\"893\" src=\"https:\/\/cacis-asso.net\/wp-content\/uploads\/2017\/10\/ob_6cba2e_skmbt-28316121312230-e1509027747710-1024x967.jpg\" alt=\"\" class=\"wp-image-893\" srcset=\"https:\/\/cacis-asso.net\/wp-content\/uploads\/2017\/10\/ob_6cba2e_skmbt-28316121312230-e1509027747710-1024x967.jpg 1024w, https:\/\/cacis-asso.net\/wp-content\/uploads\/2017\/10\/ob_6cba2e_skmbt-28316121312230-e1509027747710-300x283.jpg 300w, https:\/\/cacis-asso.net\/wp-content\/uploads\/2017\/10\/ob_6cba2e_skmbt-28316121312230-e1509027747710-768x725.jpg 768w, https:\/\/cacis-asso.net\/wp-content\/uploads\/2017\/10\/ob_6cba2e_skmbt-28316121312230-e1509027747710.jpg 1144w\" sizes=\"auto, (max-width: 767px) 89vw, (max-width: 1000px) 54vw, (max-width: 1071px) 543px, 580px\" \/><\/a><\/figure>\n\n\n\n<figure class=\"wp-block-image size-large is-style-rounded\"><a href=\"https:\/\/www.planning-familial.org\/fr\/le-planning-familial-de-gironde-33\" target=\"_blank\" rel=\"noreferrer noopener\"><img loading=\"lazy\" decoding=\"async\" width=\"1024\" height=\"424\" data-id=\"898\" src=\"https:\/\/cacis-asso.net\/wp-content\/uploads\/2017\/10\/pf-1024x424.png\" alt=\"\" class=\"wp-image-898\" srcset=\"https:\/\/cacis-asso.net\/wp-content\/uploads\/2017\/10\/pf-1024x424.png 1024w, https:\/\/cacis-asso.net\/wp-content\/uploads\/2017\/10\/pf-300x124.png 300w, https:\/\/cacis-asso.net\/wp-content\/uploads\/2017\/10\/pf-768x318.png 768w, https:\/\/cacis-asso.net\/wp-content\/uploads\/2017\/10\/pf.png 1082w\" sizes=\"auto, (max-width: 767px) 89vw, (max-width: 1000px) 54vw, (max-width: 1071px) 543px, 580px\" \/><\/a><\/figure>\n<\/figure>\n","protected":false},"excerpt":{"rendered":"<p>Des outils \u00e0 t\u00e9l\u00e9charger Les outils ci-dessous ont \u00e9t\u00e9 cr\u00e9\u00e9s par l\u2019\u00e9quipe du CACIS, qui souhaite les rendre accessibles \u00e0 tous\u00b7tes, c\u2019est pourquoi ils sont sous licence&nbsp;Creative Commons Attribution \u2013 Pas d\u2019Utilisation Commerciale \u2013 Partage dans les M\u00eames Conditions 4.0 International Cette licence exige&nbsp;que les r\u00e9utilisateurs&nbsp;mentionnent le cr\u00e9ateur. Elle leur permet de distribuer, remixer, adapter &hellip; <\/p>\n<p class=\"link-more\"><a href=\"https:\/\/cacis-asso.net\/index.php\/liens-utiles\/\" class=\"more-link\">Continuer la lecture<span class=\"screen-reader-text\"> de &laquo;&nbsp;Liens utiles et outils&nbsp;&raquo;<\/span><\/a><\/p>\n","protected":false},"author":1,"featured_media":0,"parent":0,"menu_order":0,"comment_status":"closed","ping_status":"closed","template":"","meta":{"footnotes":""},"class_list":["post-767","page","type-page","status-publish","hentry"],"jetpack_sharing_enabled":true,"_links":{"self":[{"href":"https:\/\/cacis-asso.net\/index.php\/wp-json\/wp\/v2\/pages\/767","targetHints":{"allow":["GET"]}}],"collection":[{"href":"https:\/\/cacis-asso.net\/index.php\/wp-json\/wp\/v2\/pages"}],"about":[{"href":"https:\/\/cacis-asso.net\/index.php\/wp-json\/wp\/v2\/types\/page"}],"author":[{"embeddable":true,"href":"https:\/\/cacis-asso.net\/index.php\/wp-json\/wp\/v2\/users\/1"}],"replies":[{"embeddable":true,"href":"https:\/\/cacis-asso.net\/index.php\/wp-json\/wp\/v2\/comments?post=767"}],"version-history":[{"count":37,"href":"https:\/\/cacis-asso.net\/index.php\/wp-json\/wp\/v2\/pages\/767\/revisions"}],"predecessor-version":[{"id":1551,"href":"https:\/\/cacis-asso.net\/index.php\/wp-json\/wp\/v2\/pages\/767\/revisions\/1551"}],"wp:attachment":[{"href":"https:\/\/cacis-asso.net\/index.php\/wp-json\/wp\/v2\/media?parent=767"}],"curies":[{"name":"wp","href":"https:\/\/api.w.org\/{rel}","templated":true}]}}