{"id":634,"date":"2017-10-04T16:38:38","date_gmt":"2017-10-04T14:38:38","guid":{"rendered":"http:\/\/cacis-asso.net\/?page_id=634"},"modified":"2023-07-13T10:18:53","modified_gmt":"2023-07-13T08:18:53","slug":"puberte","status":"publish","type":"page","link":"https:\/\/cacis-asso.net\/index.php\/puberte\/","title":{"rendered":"La pubert\u00e9"},"content":{"rendered":"<h1><span style=\"color: #99cc00;\">C&rsquo;est quoi la pubert\u00e9 ?<\/span><\/h1>\n<p>La pubert\u00e9, <strong>c&rsquo;est l&rsquo;ensemble des changements qui se produisent lors de l&rsquo;adolescence.<\/strong> Elle a lieu \u00e0 peu pr\u00e8s entre 10 et 15 ans chez les filles et entre 11 et 15 ans chez les gar\u00e7ons, sous l&rsquo;effet des hormones. Chaque personne \u00e9volue \u00e0 son rythme et ces transformations apparaissent progressivement.<\/p>\n<p><strong>La pubert\u00e9 marque le passage de l&rsquo;enfance \u00e0 l&rsquo;\u00e2ge adulte<\/strong>. C&rsquo;est une p\u00e9riode riche et pleine de surprises !<\/p>\n<p>Le corps change, le caract\u00e8re aussi&#8230;<\/p>\n<p>A l&rsquo;adolescence, on<strong> recherche de l&rsquo;autonomie<\/strong> \u00e0 travers de nouvelles exp\u00e9riences, des explorations. On se sent aussi invuln\u00e9rable parfois, alors on peut se mettre en danger pour conna\u00eetre ses limites. Se d\u00e9passer, c&rsquo;est bien mais lorsque cela peut devenir dangereux, il faut en parler!<\/p>\n<p><strong>Pour r\u00e9pondre \u00e0 tes questions concernant la pubert\u00e9, n&rsquo;h\u00e9site pas \u00e0 contacter le C.A.C.I.S. !<\/strong><\/p>\n<p>On t&rsquo;invite a voir cette petite vid\u00e9o qui t&rsquo;en diras plus. On la trouve sympa mais elle oublie de dire que, si le corps des gar\u00e7ons se transforme, c&rsquo;est aussi pour, peut-\u00eatre, avoir des enfants !<\/p>\n<figure class=\"wp-block-embed wp-block-embed-youtube is-type-video is-provider-youtube epyt-figure\"><div class=\"wp-block-embed__wrapper\"><iframe loading=\"lazy\"  id=\"_ytid_30298\"  width=\"525\" height=\"295\"  data-origwidth=\"525\" data-origheight=\"295\" src=\"https:\/\/www.youtube.com\/embed\/2y-gne5bBNY?enablejsapi=1&autoplay=0&cc_load_policy=0&cc_lang_pref=&iv_load_policy=1&loop=0&rel=1&fs=1&playsinline=0&autohide=2&theme=dark&color=red&controls=1&disablekb=0&\" class=\"__youtube_prefs__  no-lazyload\" title=\"YouTube player\"  allow=\"fullscreen; accelerometer; autoplay; clipboard-write; encrypted-media; gyroscope; picture-in-picture; web-share\" referrerpolicy=\"strict-origin-when-cross-origin\" allowfullscreen data-no-lazy=\"1\" data-skipgform_ajax_framebjll=\"\"><\/iframe><\/div><\/figure>\n","protected":false},"excerpt":{"rendered":"<p>C&rsquo;est quoi la pubert\u00e9 ? La pubert\u00e9, c&rsquo;est l&rsquo;ensemble des changements qui se produisent lors de l&rsquo;adolescence. Elle a lieu \u00e0 peu pr\u00e8s entre 10 et 15 ans chez les filles et entre 11 et 15 ans chez les gar\u00e7ons, sous l&rsquo;effet des hormones. Chaque personne \u00e9volue \u00e0 son rythme et ces transformations apparaissent progressivement. &hellip; <\/p>\n<p class=\"link-more\"><a href=\"https:\/\/cacis-asso.net\/index.php\/puberte\/\" class=\"more-link\">Continuer la lecture<span class=\"screen-reader-text\"> de &laquo;&nbsp;La pubert\u00e9&nbsp;&raquo;<\/span><\/a><\/p>\n","protected":false},"author":1,"featured_media":956,"parent":0,"menu_order":0,"comment_status":"closed","ping_status":"closed","template":"","meta":{"footnotes":""},"class_list":["post-634","page","type-page","status-publish","has-post-thumbnail","hentry"],"jetpack_sharing_enabled":true,"_links":{"self":[{"href":"https:\/\/cacis-asso.net\/index.php\/wp-json\/wp\/v2\/pages\/634","targetHints":{"allow":["GET"]}}],"collection":[{"href":"https:\/\/cacis-asso.net\/index.php\/wp-json\/wp\/v2\/pages"}],"about":[{"href":"https:\/\/cacis-asso.net\/index.php\/wp-json\/wp\/v2\/types\/page"}],"author":[{"embeddable":true,"href":"https:\/\/cacis-asso.net\/index.php\/wp-json\/wp\/v2\/users\/1"}],"replies":[{"embeddable":true,"href":"https:\/\/cacis-asso.net\/index.php\/wp-json\/wp\/v2\/comments?post=634"}],"version-history":[{"count":18,"href":"https:\/\/cacis-asso.net\/index.php\/wp-json\/wp\/v2\/pages\/634\/revisions"}],"predecessor-version":[{"id":1445,"href":"https:\/\/cacis-asso.net\/index.php\/wp-json\/wp\/v2\/pages\/634\/revisions\/1445"}],"wp:featuredmedia":[{"embeddable":true,"href":"https:\/\/cacis-asso.net\/index.php\/wp-json\/wp\/v2\/media\/956"}],"wp:attachment":[{"href":"https:\/\/cacis-asso.net\/index.php\/wp-json\/wp\/v2\/media?parent=634"}],"curies":[{"name":"wp","href":"https:\/\/api.w.org\/{rel}","templated":true}]}}