{"id":630,"date":"2017-10-04T16:21:15","date_gmt":"2017-10-04T14:21:15","guid":{"rendered":"http:\/\/cacis-asso.net\/?page_id=630"},"modified":"2023-07-17T10:53:17","modified_gmt":"2023-07-17T08:53:17","slug":"que-faire","status":"publish","type":"page","link":"https:\/\/cacis-asso.net\/index.php\/que-faire\/","title":{"rendered":"Que faire ?"},"content":{"rendered":"<h1><span style=\"color: #9e069e;\">Que faire ?<\/span><\/h1>\n<h2><span style=\"color: #9e069e;\">Mineurs, mineures, en cas de grossesse, que faire ?<\/span><\/h2>\n<p>Il est possible d\u2019<strong>en parler \u00e0 ses parents<\/strong> mais \u00e9galement \u00e0 une <strong>assistante sociale<\/strong> (de secteur ou scolaire), \u00e0 son <strong>infirmi\u00e8re scolaire<\/strong>, \u00e0 un\u00b7e\u00a0<strong>\u00e9ducateur\u00b7rice<\/strong>, \u00e0 un\u00b7e\u00a0<strong>animateur\u00b7rice<\/strong> ou \u00e0 un\u00b7e\u00a0<strong>conseiller\u00b7e conjugal\u00b7e<\/strong> au C.A.C.I.S ou dans un autre <a href=\"https:\/\/www.gironde.fr\/sante-sexualite\/mieux-vivre-sa-sexualite#centres-sante-sexuelle\" target=\"_blank\" rel=\"noopener\">centre de sant\u00e9 sexuelle<\/a>.<\/p>\n<h2><span style=\"color: #9e069e;\">Il existe plusieurs possibilit\u00e9s :<\/span><\/h2>\n<ul>\n<li><strong>Poursuivre la grossesse et \u00e9lever l\u2019enfant<\/strong> :<\/li>\n<\/ul>\n<p>\u2013 seule<br \/>\n\u2013 avec le p\u00e8re de l&rsquo;enfant<br \/>\n\u2013 avec ton ou ta partenaire<br \/>\n\u2013 seule dans un foyer maternel<br \/>\n\u2013 avec ses parents.<\/p>\n<ul>\n<li><strong>Poursuivre la grossesse et confier l\u2019enfant<\/strong> pour une adoption.<\/li>\n<li><strong>Interrompre la grossesse<\/strong>.<\/li>\n<\/ul>\n","protected":false},"excerpt":{"rendered":"<p>Que faire ? Mineurs, mineures, en cas de grossesse, que faire ? Il est possible d\u2019en parler \u00e0 ses parents mais \u00e9galement \u00e0 une assistante sociale (de secteur ou scolaire), \u00e0 son infirmi\u00e8re scolaire, \u00e0 un\u00b7e\u00a0\u00e9ducateur\u00b7rice, \u00e0 un\u00b7e\u00a0animateur\u00b7rice ou \u00e0 un\u00b7e\u00a0conseiller\u00b7e conjugal\u00b7e au C.A.C.I.S ou dans un autre centre de sant\u00e9 sexuelle. Il existe plusieurs &hellip; <\/p>\n<p class=\"link-more\"><a href=\"https:\/\/cacis-asso.net\/index.php\/que-faire\/\" class=\"more-link\">Continuer la lecture<span class=\"screen-reader-text\"> de &laquo;&nbsp;Que faire ?&nbsp;&raquo;<\/span><\/a><\/p>\n","protected":false},"author":1,"featured_media":946,"parent":0,"menu_order":0,"comment_status":"closed","ping_status":"closed","template":"","meta":{"footnotes":""},"class_list":["post-630","page","type-page","status-publish","has-post-thumbnail","hentry"],"jetpack_sharing_enabled":true,"_links":{"self":[{"href":"https:\/\/cacis-asso.net\/index.php\/wp-json\/wp\/v2\/pages\/630","targetHints":{"allow":["GET"]}}],"collection":[{"href":"https:\/\/cacis-asso.net\/index.php\/wp-json\/wp\/v2\/pages"}],"about":[{"href":"https:\/\/cacis-asso.net\/index.php\/wp-json\/wp\/v2\/types\/page"}],"author":[{"embeddable":true,"href":"https:\/\/cacis-asso.net\/index.php\/wp-json\/wp\/v2\/users\/1"}],"replies":[{"embeddable":true,"href":"https:\/\/cacis-asso.net\/index.php\/wp-json\/wp\/v2\/comments?post=630"}],"version-history":[{"count":10,"href":"https:\/\/cacis-asso.net\/index.php\/wp-json\/wp\/v2\/pages\/630\/revisions"}],"predecessor-version":[{"id":1466,"href":"https:\/\/cacis-asso.net\/index.php\/wp-json\/wp\/v2\/pages\/630\/revisions\/1466"}],"wp:featuredmedia":[{"embeddable":true,"href":"https:\/\/cacis-asso.net\/index.php\/wp-json\/wp\/v2\/media\/946"}],"wp:attachment":[{"href":"https:\/\/cacis-asso.net\/index.php\/wp-json\/wp\/v2\/media?parent=630"}],"curies":[{"name":"wp","href":"https:\/\/api.w.org\/{rel}","templated":true}]}}