{"id":627,"date":"2017-10-04T16:20:55","date_gmt":"2017-10-04T14:20:55","guid":{"rendered":"http:\/\/cacis-asso.net\/?page_id=627"},"modified":"2018-01-08T09:50:43","modified_gmt":"2018-01-08T08:50:43","slug":"comment-savoir","status":"publish","type":"page","link":"https:\/\/cacis-asso.net\/index.php\/comment-savoir\/","title":{"rendered":"Comment Savoir ?"},"content":{"rendered":"<h1><span style=\"color: #9e069e;\">Comment Savoir ?<\/span><\/h1>\n<p>En cas d\u2019<strong>absence de r\u00e8gles<\/strong>, de doute ou d\u2019inqui\u00e9tude apr\u00e8s un <strong>rapport sexuel non ou mal prot\u00e9g\u00e9<\/strong>, il est possible de faire un test de grossesse. Si le test urinaire est positif, il faudra faire confirmer le r\u00e9sultat par un test sanguin.<\/p>\n<h2><span style=\"color: #9e069e;\">Les tests\u00a0?<\/span><\/h2>\n<p>Les <strong>tests urinaires<\/strong> sont en vente en pharmacie, en grandes surfaces ou <strong>disponibles gratuitement<\/strong> dans les centres de planification ou au C.A.C.I.S.<br \/>\nLes<strong> tests sanguins<\/strong> sont prescrits par les m\u00e9decins\u00a0<strong style=\"font-size: 1rem;\">gratuitement<\/strong><span style=\"font-size: 1rem;\">\u00a0<\/span><span style=\"font-size: 1rem;\">dans un<\/span><span style=\"font-size: 1rem;\">\u00a0<\/span><a style=\"font-size: 1rem; box-shadow: rgba(0, 0, 0, 0) 0px 0px 0px inset, #000000 0px 3px 0px; color: #000000;\" href=\"http:\/\/contribution.gironde.fr\/upload\/docs\/application\/x-download\/2013-06\/centre_planif_bd.pdf\">centre de planification<\/a>\u00a0ou au\u00a0<span style=\"font-size: 1rem;\">C.A.C.I.S. ou\u00a0<\/span><span style=\"font-size: 1rem;\">lors d\u2019une consultation dans un cabinet m\u00e9dical.<\/span><\/p>\n<p>&nbsp;<\/p>\n","protected":false},"excerpt":{"rendered":"<p>Comment Savoir ? En cas d\u2019absence de r\u00e8gles, de doute ou d\u2019inqui\u00e9tude apr\u00e8s un rapport sexuel non ou mal prot\u00e9g\u00e9, il est possible de faire un test de grossesse. Si le test urinaire est positif, il faudra faire confirmer le r\u00e9sultat par un test sanguin. Les tests\u00a0? Les tests urinaires sont en vente en pharmacie, &hellip; <\/p>\n<p class=\"link-more\"><a href=\"https:\/\/cacis-asso.net\/index.php\/comment-savoir\/\" class=\"more-link\">Continuer la lecture<span class=\"screen-reader-text\"> de &laquo;&nbsp;Comment Savoir ?&nbsp;&raquo;<\/span><\/a><\/p>\n","protected":false},"author":1,"featured_media":922,"parent":0,"menu_order":0,"comment_status":"closed","ping_status":"closed","template":"","meta":{"footnotes":""},"class_list":["post-627","page","type-page","status-publish","has-post-thumbnail","hentry"],"jetpack_sharing_enabled":true,"_links":{"self":[{"href":"https:\/\/cacis-asso.net\/index.php\/wp-json\/wp\/v2\/pages\/627","targetHints":{"allow":["GET"]}}],"collection":[{"href":"https:\/\/cacis-asso.net\/index.php\/wp-json\/wp\/v2\/pages"}],"about":[{"href":"https:\/\/cacis-asso.net\/index.php\/wp-json\/wp\/v2\/types\/page"}],"author":[{"embeddable":true,"href":"https:\/\/cacis-asso.net\/index.php\/wp-json\/wp\/v2\/users\/1"}],"replies":[{"embeddable":true,"href":"https:\/\/cacis-asso.net\/index.php\/wp-json\/wp\/v2\/comments?post=627"}],"version-history":[{"count":6,"href":"https:\/\/cacis-asso.net\/index.php\/wp-json\/wp\/v2\/pages\/627\/revisions"}],"predecessor-version":[{"id":920,"href":"https:\/\/cacis-asso.net\/index.php\/wp-json\/wp\/v2\/pages\/627\/revisions\/920"}],"wp:featuredmedia":[{"embeddable":true,"href":"https:\/\/cacis-asso.net\/index.php\/wp-json\/wp\/v2\/media\/922"}],"wp:attachment":[{"href":"https:\/\/cacis-asso.net\/index.php\/wp-json\/wp\/v2\/media?parent=627"}],"curies":[{"name":"wp","href":"https:\/\/api.w.org\/{rel}","templated":true}]}}