{"id":565,"date":"2017-10-03T12:58:40","date_gmt":"2017-10-03T10:58:40","guid":{"rendered":"http:\/\/cacis-asso.net\/?page_id=565"},"modified":"2023-07-19T13:48:48","modified_gmt":"2023-07-19T11:48:48","slug":"legalite-fillesgarcons","status":"publish","type":"page","link":"https:\/\/cacis-asso.net\/index.php\/legalite-fillesgarcons\/","title":{"rendered":"L&rsquo;Egalit\u00e9 Filles-Gar\u00e7ons"},"content":{"rendered":"<h1 style=\"text-align: center;\"><span style=\"color: #99cc00;\">L&rsquo;\u00e9galit\u00e9 filles-gar\u00e7ons<\/span><\/h1>\n<p>Dans notre soci\u00e9t\u00e9, les <strong>st\u00e9r\u00e9otypes<\/strong> sur\u00a0les filles et les gar\u00e7ons vont bon train !<br \/>\n<span class=\"_Tgc\">Ces id\u00e9es re\u00e7ues sont v\u00e9hicul\u00e9es, sans que l&rsquo;on s&rsquo;en rende compte, par les m\u00e9dias mais aussi par nos comportements.<br \/>\n<\/span>Les st\u00e9r\u00e9otypes \u00e9voluent en fonctions des \u00e9poques et des cultures.<\/p>\n<p>Par exemple,\u00a0on nous raconte que,\u00a0les filles\u00a0doivent \u00eatre coquettes, faire attention \u00e0 leur image,\u00a0\u00eatre douces, compr\u00e9hensives,\u00a0dou\u00e9es avec les enfants et de bonnes m\u00e9nag\u00e8res. Les gar\u00e7ons\u00a0eux, doivent \u00eatre forts, virils, \u00eatre protecteurs et cacher leurs \u00e9motions.<br \/>\n<strong>Eh oui, c&rsquo;est tr\u00e8s frustrant car c&rsquo;est impossible de r\u00e9pondre \u00e0 toutes ces attentes !<\/strong><\/p>\n<p>Lorsqu&rsquo;une\u00a0fille\u00a0ou un\u00a0gar\u00e7on\u00a0ne r\u00e9pond pas \u00e0 ces crit\u00e8res, on leur reproche de ne pas \u00eatre \u00ab\u00a0assez\u00a0\u00bb f\u00e9minines ou \u00ab\u00a0assez\u00a0\u00bb masculins. Ils\u00b7Elles peuvent m\u00eame subir du harc\u00e8lement, voire m\u00eame des agressions. Cela s&rsquo;appelle du <strong>sexisme<\/strong>.<\/p>\n<p>Ce n&rsquo;est pas facile car on ne se reconna\u00eet pas toujours dans les mod\u00e8les \u00e0 suivre\u00a0et\u00a0au fond,<strong> on veut juste \u00eatre libre d&rsquo;\u00eatre soi !<\/strong><\/p>\n<p>Certaines personnes ne se reconnaissent pas non plus en tant que\u00a0gar\u00e7on\u00a0ou en tant que\u00a0fille\u00a0malgr\u00e9 leur sexe biologique. Il existe des personnes trans*, \u00a0non-binaire*, ou encore gender-fluid*. Ce qui est important, c&rsquo;est que <strong>chacun\u00b7e \u00e0 le droit de vivre comme il ou elle l&rsquo;entend quelque soit son identit\u00e9 de genre et son identit\u00e9 sexuelle, qu&rsquo;elles soient en accord avec le mod\u00e8le dominant ou pas !<\/strong><\/p>\n<p><em><strong>*Trans<\/strong> : Les personnes trans ou transgenres sont celles dont le genre (femme\/homme) assign\u00e9 \u00e0 la naissance sur la base de leurs organes g\u00e9nitaux externes (vulve\/p\u00e9nis) ne correspond pas \u00e0 leur identit\u00e9 de genre.\u00a0<\/em><\/p>\n<p><i><strong>*Non-binaire<\/strong> : Les personnes non-binaires peuvent s&rsquo;identifier comme \u00e9tant entre les deux genres, \u00e9tant les deux genres, ou aucun des deux. Ou bien tendant vers l&rsquo;un ou l&rsquo;autre selon leur \u00e9tat d&rsquo;esprit.\u00a0<\/i><\/p>\n<p><em><strong>*Gender-fluid<\/strong> : Les personnes Gender-fluid s&rsquo;identifient au del\u00e0 de l&rsquo;identit\u00e9 de genre, elles peuvent se sentir parfois homme, parfois femme, parfois un m\u00e9lange des deux. Leur identit\u00e9 de genre est donc fluctuante et flexible.<\/em><\/p>\n<p>Le site <a href=\"https:\/\/cestcommeca.net\/lgbt-def\/genre\/\"><b>cestcommeca.net<\/b><\/a>\u00a0nous en apprend plus sur le genre. Le <strong>genre<\/strong> d\u00e9signe le sentiment d&rsquo;appartenance des individus \u00e0 une identit\u00e9 f\u00e9minine, masculine ou autre. Il s&rsquo;exprime sur trois plans :<\/p>\n<ul>\n<li><b>l&rsquo;identit\u00e9 de genre<\/b>\u00a0: celle que nous ressentons (je me sens homme, je me sens femme, je me sens ni l&rsquo;un ni l&rsquo;autre, &#8230;) et celle qui est inscrite sur nos papiers d&rsquo;identit\u00e9<\/li>\n<li><b>l&rsquo;expression du genre<\/b> : ce qui dans notre attitude ou notre apparence physique nous identifie comme appartenant \u00e0 un genre ou \u00e0 l&rsquo;autre.<\/li>\n<li><strong>le sexe biologique<\/strong> : les caract\u00e9ristiques sexu\u00e9es de notre corps (organes g\u00e9nitaux, chromosomes sexuels, etc). L&rsquo;identit\u00e9 de genre et l&rsquo;expression de genre peuvent s&rsquo;exprimer ind\u00e9pendamment du sexe biologique<\/li>\n<\/ul>\n<p>A ces trois dimensions s&rsquo;ajoute l&rsquo;<strong>attirance sexuelle<\/strong>, qui concerne le genre des personnes vers qui nous sommes attir\u00e9\u00b7e\u00b7s.<\/p>\n<p>Pour mieux comprendre la notion de genre, \u00a0tu peux regarder cette vid\u00e9o sur la <b>Licorne du genre<\/b>, un outil p\u00e9dagogique cr\u00e9\u00e9 par l&rsquo;organisation am\u00e9ricaine <a href=\"https:\/\/transstudent.org\">TSER<\/a> :<\/p>\n<p><iframe loading=\"lazy\"  id=\"_ytid_43401\"  width=\"525\" height=\"295\"  data-origwidth=\"525\" data-origheight=\"295\" src=\"https:\/\/www.youtube.com\/embed\/8j1OK2uzGiI?enablejsapi=1&#038;autoplay=0&#038;cc_load_policy=0&#038;cc_lang_pref=&#038;iv_load_policy=1&#038;loop=0&#038;rel=1&#038;fs=1&#038;playsinline=0&#038;autohide=2&#038;theme=dark&#038;color=red&#038;controls=1&#038;disablekb=0&#038;\" class=\"__youtube_prefs__  epyt-is-override  no-lazyload\" title=\"YouTube player\"  allow=\"fullscreen; accelerometer; autoplay; clipboard-write; encrypted-media; gyroscope; picture-in-picture; web-share\" referrerpolicy=\"strict-origin-when-cross-origin\" allowfullscreen data-no-lazy=\"1\" data-skipgform_ajax_framebjll=\"\"><\/iframe><\/p>\n<p><strong style=\"font-size: revert;\">Pour r\u00e9pondre \u00e0 tes questions concernant le sexisme, n&rsquo;h\u00e9site pas \u00e0 contacter le C.A.C.I.S. !<\/strong><\/p>\n<p>Psst ! Manon, animatrice socio-culturelle au C.A.C.I.S., a r\u00e9alis\u00e9 un court-m\u00e9trage avec des \u00e9l\u00e8ves du lyc\u00e9e Elie Faure \u00e0 Lormont dans le cadre de la lutte contre le sexisme. Tu peux y jeter un \u0153il !<\/p>\n<figure class=\"wp-block-embed wp-block-embed-youtube is-type-video is-provider-youtube epyt-figure\"><div class=\"wp-block-embed__wrapper\"><iframe loading=\"lazy\"  id=\"_ytid_28757\"  width=\"525\" height=\"295\"  data-origwidth=\"525\" data-origheight=\"295\" src=\"https:\/\/www.youtube.com\/embed\/-lHwy9s104w?enablejsapi=1&autoplay=0&cc_load_policy=0&cc_lang_pref=&iv_load_policy=1&loop=0&rel=1&fs=1&playsinline=0&autohide=2&theme=dark&color=red&controls=1&disablekb=0&\" class=\"__youtube_prefs__  no-lazyload\" title=\"YouTube player\"  allow=\"fullscreen; accelerometer; autoplay; clipboard-write; encrypted-media; gyroscope; picture-in-picture; web-share\" referrerpolicy=\"strict-origin-when-cross-origin\" allowfullscreen data-no-lazy=\"1\" data-skipgform_ajax_framebjll=\"\"><\/iframe><\/div><\/figure>\n","protected":false},"excerpt":{"rendered":"<p>L&rsquo;\u00e9galit\u00e9 filles-gar\u00e7ons Dans notre soci\u00e9t\u00e9, les st\u00e9r\u00e9otypes sur\u00a0les filles et les gar\u00e7ons vont bon train ! Ces id\u00e9es re\u00e7ues sont v\u00e9hicul\u00e9es, sans que l&rsquo;on s&rsquo;en rende compte, par les m\u00e9dias mais aussi par nos comportements. Les st\u00e9r\u00e9otypes \u00e9voluent en fonctions des \u00e9poques et des cultures. Par exemple,\u00a0on nous raconte que,\u00a0les filles\u00a0doivent \u00eatre coquettes, faire attention &hellip; <\/p>\n<p class=\"link-more\"><a href=\"https:\/\/cacis-asso.net\/index.php\/legalite-fillesgarcons\/\" class=\"more-link\">Continuer la lecture<span class=\"screen-reader-text\"> de &laquo;&nbsp;L&rsquo;Egalit\u00e9 Filles-Gar\u00e7ons&nbsp;&raquo;<\/span><\/a><\/p>\n","protected":false},"author":1,"featured_media":955,"parent":0,"menu_order":0,"comment_status":"closed","ping_status":"closed","template":"","meta":{"footnotes":""},"class_list":["post-565","page","type-page","status-publish","has-post-thumbnail","hentry"],"jetpack_sharing_enabled":true,"_links":{"self":[{"href":"https:\/\/cacis-asso.net\/index.php\/wp-json\/wp\/v2\/pages\/565","targetHints":{"allow":["GET"]}}],"collection":[{"href":"https:\/\/cacis-asso.net\/index.php\/wp-json\/wp\/v2\/pages"}],"about":[{"href":"https:\/\/cacis-asso.net\/index.php\/wp-json\/wp\/v2\/types\/page"}],"author":[{"embeddable":true,"href":"https:\/\/cacis-asso.net\/index.php\/wp-json\/wp\/v2\/users\/1"}],"replies":[{"embeddable":true,"href":"https:\/\/cacis-asso.net\/index.php\/wp-json\/wp\/v2\/comments?post=565"}],"version-history":[{"count":23,"href":"https:\/\/cacis-asso.net\/index.php\/wp-json\/wp\/v2\/pages\/565\/revisions"}],"predecessor-version":[{"id":1480,"href":"https:\/\/cacis-asso.net\/index.php\/wp-json\/wp\/v2\/pages\/565\/revisions\/1480"}],"wp:featuredmedia":[{"embeddable":true,"href":"https:\/\/cacis-asso.net\/index.php\/wp-json\/wp\/v2\/media\/955"}],"wp:attachment":[{"href":"https:\/\/cacis-asso.net\/index.php\/wp-json\/wp\/v2\/media?parent=565"}],"curies":[{"name":"wp","href":"https:\/\/api.w.org\/{rel}","templated":true}]}}