{"id":446,"date":"2017-09-25T17:34:14","date_gmt":"2017-09-25T15:34:14","guid":{"rendered":"http:\/\/cacis-asso.net\/?page_id=446"},"modified":"2025-01-22T10:21:19","modified_gmt":"2025-01-22T09:21:19","slug":"homo-hetero-bi","status":"publish","type":"page","link":"https:\/\/cacis-asso.net\/index.php\/homo-hetero-bi\/","title":{"rendered":"Homo ? H\u00e9t\u00e9ro ? Bi ?"},"content":{"rendered":"<h1><span style=\"color: #99cc00;\">Homo ? H\u00e9t\u00e9ro ? Bi ?<\/span><\/h1>\n<h2><span style=\"color: #99cc00;\">D&rsquo;abord, un peu de vocabulaire&#8230;<\/span><\/h2>\n<p><strong>Homosexualit\u00e9<\/strong> :\u00a0attirance \u00e9motionnelle, physique et\/ou sexuelle pour des personnes du m\u00eame sexe que soi<br \/>\n<strong>H\u00e9t\u00e9rosexualit\u00e9<\/strong> : attirance \u00e9motionnelle, physique et\/ou sexuelle pour des personnes du sexe oppos\u00e9 \u00e0 soi<br \/>\n<strong>Bisexualit\u00e9<\/strong> : attirance \u00e9motionnelle, physique et\/ou sexuelle pour des personnes des deux sexes<br \/>\n<strong>Asexualit\u00e9<\/strong> : Absence d&rsquo;int\u00e9r\u00eat pour le sexe ou absence d&rsquo;orientation sexuelle<\/p>\n<p>Si cela t\u2019int\u00e9resse, tu pourras trouver plus de d\u00e9finitions sur cette <a href=\"https:\/\/cestcommeca.net\/lgbt-def\/\" target=\"_blank\" rel=\"noopener\">page<\/a> !<\/p>\n<h2><span style=\"color: #99cc00;\">A l&rsquo;\u00e2ge o\u00f9 l&rsquo;on se pose des questions<\/span><\/h2>\n<p>A l&rsquo;adolescence notre vie affective et sexuelle est travers\u00e9e par de grands bouleversements et <strong>il se peut qu&rsquo;on se pose beaucoup de questions sur ce que l&rsquo;on ressent.<\/strong> On peut \u00eatre attir\u00e9 par une personne du m\u00eame sexe et que cette attirance soit temporaire, ou pas.<\/p>\n<h2><span style=\"color: #99cc00;\">On peut se sentir \u00ab\u00a0diff\u00e9rent\u00a0\u00bb<\/span><\/h2>\n<p><strong>L&rsquo;orientation sexuelle n&rsquo;est pas un choix.<\/strong> On ne d\u00e9cide pas un beau jour de devenir homo ou h\u00e9t\u00e9ro. C&rsquo;est quelque chose qui se construit en nous. Et puis, ce n&rsquo;est pas fig\u00e9, cette orientation peut changer au cours de la vie&#8230; !<\/p>\n<p>Parfois, on peut se sentir \u00ab\u00a0pas normal\u00a0\u00bb si on est attir\u00e9 pas d&rsquo;autres filles ou d&rsquo;autres gar\u00e7ons ou m\u00eame les deux. <strong>Mais il n&rsquo;y pas de quoi culpabiliser!<\/strong> C&rsquo;est vrai, tout ce qui nous entoure nous montre des couples h\u00e9t\u00e9rosexuels, alors on pourrait penser que c&rsquo;est comme \u00e7a qu&rsquo;il faut \u00eatre. Mais nous, <strong>on t&rsquo;assure que ce qu&rsquo;il faut \u00eatre, c&rsquo;est soi !<\/strong><\/p>\n<h2><span style=\"color: #99cc00;\">Le coming out<\/span><\/h2>\n<p>Quand on parle de son homosexualit\u00e9 ou de sa bisexualit\u00e9 \u00e0 son entourage, ses amis, sa famille, on appelle \u00e7a souvent faire son \u00ab\u00a0coming out\u00a0\u00bb. Ce qui est important quand on parle de son orientation sexuelle et affective, c&rsquo;est de <b>le faire seulement si on en a envie, et aux personnes que l&rsquo;on a choisies ! <\/b>Si\u00a0un\u00b7e\u00a0proche te fait son coming out, garde cette information pour toi ! <strong>Ce n&rsquo;est pas \u00e0 toi de faire le coming out de\u00a0quelqu&rsquo;un\u00b7e \u00e0 sa place.<\/strong><\/p>\n<h2><span style=\"color: #99cc00;\">La violence<\/span><\/h2>\n<p>Bien entendu, aucune violence, aucune exclusion, qu&rsquo;elle soit verbale, \u00e9crite ou physique ne peut \u00eatre admise et contre personne. Lorsque cette violence est faite \u00e0 l&rsquo;encontre de personnes homosexuelles, bi, trans ou suppos\u00e9es l&rsquo;\u00eatre, cela s&rsquo;appelle de l&rsquo;<strong>homophobie<\/strong>. C&rsquo;est de la <strong>discrimination<\/strong> et c&rsquo;est <strong>puni par la loi.<\/strong><\/p>\n<p><strong>Si tu es victime d&rsquo;agressions ou que tu en es t\u00e9moin, ne reste pas seul\u00b7e, il faut le dire \u00e0 un ou des adultes en qui tu as confiance.<\/strong><\/p>\n<h2>Si tu as besoin d&rsquo;en discuter<\/h2>\n<p>&#8211; Pour r\u00e9pondre \u00e0 tes questions concernant ton orientation sexuelle, n&rsquo;h\u00e9site pas \u00e0 contacter le C.A.C.I.S. !<br \/>\n&#8211; L&rsquo;association <strong><a href=\"http:\/\/www.le-girofard.org\/\" target=\"_blank\" rel=\"noopener\">le Girofard<\/a><\/strong> sur Bordeaux<br \/>\n&#8211; <a href=\"https:\/\/leiaestla.fr\/leia-est-la\/\" target=\"_blank\" rel=\"noopener\"><b>L\u00c9IA<\/b><\/a>\u00a0est une\u00a0<b>L<\/b>igne d\u2019<b>\u00c9<\/b>coute, d\u2019<b>I<\/b>nformation et d\u2019<b>A<\/b>ide \u00e0 destination des personnes en questionnement sur leur orientation sexuelle et\/ou leur identit\u00e9 de genre, \u00e0 leur entourage, aux professionnel\u00b7le\u00b7s qui souhaitent aider une personne en difficult\u00e9. <strong>7 jours sur 7 de 8h \u00e0 23h<\/strong> (et c\u2019est gratuit) par t\u00e9l\u00e9phone au <strong>0800 004 134<\/strong>, ou par e-mail ou par livechat. Toutes les <a href=\"https:\/\/leiaestla.fr\/\" target=\"_blank\" rel=\"noopener\">infos et coordonn\u00e9es sur le site<\/a><\/p>\n<p>Psst ! Manon, animatrice socio-culturelle au C.A.C.I.S., a r\u00e9alis\u00e9 deux court-m\u00e9trages avec des \u00e9l\u00e8ves du lyc\u00e9e Elie Faure \u00e0 Lormont, dans le cadre de la lutte contre l&rsquo;homophobie. Tu peux y jeter un oeil !<\/p>\n<figure class=\"wp-block-embed wp-block-embed-youtube is-type-video is-provider-youtube epyt-figure\"><div class=\"wp-block-embed__wrapper\"><iframe loading=\"lazy\"  id=\"_ytid_75824\"  width=\"525\" height=\"295\"  data-origwidth=\"525\" data-origheight=\"295\" src=\"https:\/\/www.youtube.com\/embed\/Zg_boTGjqU8?enablejsapi=1&autoplay=0&cc_load_policy=0&cc_lang_pref=&iv_load_policy=1&loop=0&rel=1&fs=1&playsinline=0&autohide=2&theme=dark&color=red&controls=1&disablekb=0&\" class=\"__youtube_prefs__  no-lazyload\" title=\"YouTube player\"  allow=\"fullscreen; accelerometer; autoplay; clipboard-write; encrypted-media; gyroscope; picture-in-picture; web-share\" referrerpolicy=\"strict-origin-when-cross-origin\" allowfullscreen data-no-lazy=\"1\" data-skipgform_ajax_framebjll=\"\"><\/iframe><\/div><\/figure>\n<figure class=\"wp-block-embed wp-block-embed-youtube is-type-video is-provider-youtube epyt-figure\"><div class=\"wp-block-embed__wrapper\"><iframe loading=\"lazy\"  id=\"_ytid_58228\"  width=\"525\" height=\"295\"  data-origwidth=\"525\" data-origheight=\"295\" src=\"https:\/\/www.youtube.com\/embed\/EB5WqIHHP4M?enablejsapi=1&autoplay=0&cc_load_policy=0&cc_lang_pref=&iv_load_policy=1&loop=0&rel=1&fs=1&playsinline=0&autohide=2&theme=dark&color=red&controls=1&disablekb=0&\" class=\"__youtube_prefs__  no-lazyload\" title=\"YouTube player\"  allow=\"fullscreen; accelerometer; autoplay; clipboard-write; encrypted-media; gyroscope; picture-in-picture; web-share\" referrerpolicy=\"strict-origin-when-cross-origin\" allowfullscreen data-no-lazy=\"1\" data-skipgform_ajax_framebjll=\"\"><\/iframe><\/div><\/figure>\n","protected":false},"excerpt":{"rendered":"<p>Homo ? H\u00e9t\u00e9ro ? Bi ? D&rsquo;abord, un peu de vocabulaire&#8230; Homosexualit\u00e9 :\u00a0attirance \u00e9motionnelle, physique et\/ou sexuelle pour des personnes du m\u00eame sexe que soi H\u00e9t\u00e9rosexualit\u00e9 : attirance \u00e9motionnelle, physique et\/ou sexuelle pour des personnes du sexe oppos\u00e9 \u00e0 soi Bisexualit\u00e9 : attirance \u00e9motionnelle, physique et\/ou sexuelle pour des personnes des deux sexes Asexualit\u00e9 : &hellip; <\/p>\n<p class=\"link-more\"><a href=\"https:\/\/cacis-asso.net\/index.php\/homo-hetero-bi\/\" class=\"more-link\">Continuer la lecture<span class=\"screen-reader-text\"> de &laquo;&nbsp;Homo ? H\u00e9t\u00e9ro ? Bi ?&nbsp;&raquo;<\/span><\/a><\/p>\n","protected":false},"author":1,"featured_media":959,"parent":0,"menu_order":0,"comment_status":"closed","ping_status":"closed","template":"","meta":{"footnotes":""},"class_list":["post-446","page","type-page","status-publish","has-post-thumbnail","hentry"],"jetpack_sharing_enabled":true,"_links":{"self":[{"href":"https:\/\/cacis-asso.net\/index.php\/wp-json\/wp\/v2\/pages\/446","targetHints":{"allow":["GET"]}}],"collection":[{"href":"https:\/\/cacis-asso.net\/index.php\/wp-json\/wp\/v2\/pages"}],"about":[{"href":"https:\/\/cacis-asso.net\/index.php\/wp-json\/wp\/v2\/types\/page"}],"author":[{"embeddable":true,"href":"https:\/\/cacis-asso.net\/index.php\/wp-json\/wp\/v2\/users\/1"}],"replies":[{"embeddable":true,"href":"https:\/\/cacis-asso.net\/index.php\/wp-json\/wp\/v2\/comments?post=446"}],"version-history":[{"count":28,"href":"https:\/\/cacis-asso.net\/index.php\/wp-json\/wp\/v2\/pages\/446\/revisions"}],"predecessor-version":[{"id":1522,"href":"https:\/\/cacis-asso.net\/index.php\/wp-json\/wp\/v2\/pages\/446\/revisions\/1522"}],"wp:featuredmedia":[{"embeddable":true,"href":"https:\/\/cacis-asso.net\/index.php\/wp-json\/wp\/v2\/media\/959"}],"wp:attachment":[{"href":"https:\/\/cacis-asso.net\/index.php\/wp-json\/wp\/v2\/media?parent=446"}],"curies":[{"name":"wp","href":"https:\/\/api.w.org\/{rel}","templated":true}]}}