{"id":440,"date":"2017-09-25T17:33:34","date_gmt":"2017-09-25T15:33:34","guid":{"rendered":"http:\/\/cacis-asso.net\/?page_id=440"},"modified":"2023-07-13T12:06:07","modified_gmt":"2023-07-13T10:06:07","slug":"la-pillule","status":"publish","type":"page","link":"https:\/\/cacis-asso.net\/index.php\/la-pillule\/","title":{"rendered":"La Pilule"},"content":{"rendered":"<h1><span style=\"color: #d9117c;\">La pilule<\/span><\/h1>\n<p>La pilule est un moyen de contraception tr\u00e8s utilis\u00e9 chez les ados.<\/p>\n<p><strong>Elle est \u00e0 base d\u2019hormones et se pr\u00e9sente sous forme de comprim\u00e9s \u00e0 avaler tous les jours \u00e0 heure fixe.<\/strong> Il existe plusieurs types de pilules. C&rsquo;est le\u00b7la m\u00e9decin ou la sage-femme qui t&rsquo;indiquera quelle est celle qui te convient le mieux.<\/p>\n<p>Pour en savoir un plus sur la pilule, cette vid\u00e9o est faite pour toi !<\/p>\n<figure class=\"wp-block-embed wp-block-embed-youtube is-type-video is-provider-youtube epyt-figure\"><div class=\"wp-block-embed__wrapper\"><iframe loading=\"lazy\"  id=\"_ytid_37852\"  width=\"525\" height=\"295\"  data-origwidth=\"525\" data-origheight=\"295\" src=\"https:\/\/www.youtube.com\/embed\/2dP5oKd1oL4?enablejsapi=1&autoplay=0&cc_load_policy=0&cc_lang_pref=&iv_load_policy=1&loop=0&rel=1&fs=1&playsinline=0&autohide=2&theme=dark&color=red&controls=1&disablekb=0&\" class=\"__youtube_prefs__  no-lazyload\" title=\"YouTube player\"  allow=\"fullscreen; accelerometer; autoplay; clipboard-write; encrypted-media; gyroscope; picture-in-picture; web-share\" referrerpolicy=\"strict-origin-when-cross-origin\" allowfullscreen data-no-lazy=\"1\" data-skipgform_ajax_framebjll=\"\"><\/iframe><\/div><\/figure>\n<h2><span style=\"color: #d9117c;\">O\u00f9 se la procurer ?<\/span><\/h2>\n<p>&#8211;<span style=\"font-size: 1rem;\">\u00a0D\u00e9livr\u00e9e gratuitement aux mineures, par un m\u00e9decin ou une sage-femme dans<\/span>\u00a0un <a href=\"https:\/\/www.gironde.fr\/sante-sexualite\/mieux-vivre-sa-sexualite#centres-sante-sexuelle\" target=\"_blank\" rel=\"noopener\">centre de sant\u00e9 sexuelle<\/a><span style=\"font-size: 1rem;\"> comme le<\/span><span style=\"font-size: 1rem;\">\u00a0C.A.C.I.S.<\/span><span style=\"font-size: 1rem;\"><br \/>\n&#8211; A acheter dans une pharmacie sur ordonnance d&rsquo;un\u00b7e m\u00e9decin ou d&rsquo;une sage-femme. Pour les<\/span><em>\u00a0<strong>mineures d&rsquo;au moins 15 ans<\/strong>, la consultation, les examens\u00a0et le moyen de contraception sont<strong> gratuits et anonymes.\u00a0<\/strong>Il faut le demander \u00e0 son\u00b7sa m\u00e9decin. Pour en savoir plus, rendez-vous <a href=\"https:\/\/www.ameli.fr\/gironde\/pharmacien\/exercice-professionnel\/dispensation-prise-charge\/contraception\/delivrance-contraception#text_14030\" target=\"_blank\" rel=\"noopener\">ici<\/a>\u00a0!<\/em><\/p>\n","protected":false},"excerpt":{"rendered":"<p>La pilule La pilule est un moyen de contraception tr\u00e8s utilis\u00e9 chez les ados. Elle est \u00e0 base d\u2019hormones et se pr\u00e9sente sous forme de comprim\u00e9s \u00e0 avaler tous les jours \u00e0 heure fixe. Il existe plusieurs types de pilules. C&rsquo;est le\u00b7la m\u00e9decin ou la sage-femme qui t&rsquo;indiquera quelle est celle qui te convient le &hellip; <\/p>\n<p class=\"link-more\"><a href=\"https:\/\/cacis-asso.net\/index.php\/la-pillule\/\" class=\"more-link\">Continuer la lecture<span class=\"screen-reader-text\"> de &laquo;&nbsp;La Pilule&nbsp;&raquo;<\/span><\/a><\/p>\n","protected":false},"author":1,"featured_media":943,"parent":0,"menu_order":0,"comment_status":"closed","ping_status":"closed","template":"","meta":{"footnotes":""},"class_list":["post-440","page","type-page","status-publish","has-post-thumbnail","hentry"],"jetpack_sharing_enabled":true,"_links":{"self":[{"href":"https:\/\/cacis-asso.net\/index.php\/wp-json\/wp\/v2\/pages\/440","targetHints":{"allow":["GET"]}}],"collection":[{"href":"https:\/\/cacis-asso.net\/index.php\/wp-json\/wp\/v2\/pages"}],"about":[{"href":"https:\/\/cacis-asso.net\/index.php\/wp-json\/wp\/v2\/types\/page"}],"author":[{"embeddable":true,"href":"https:\/\/cacis-asso.net\/index.php\/wp-json\/wp\/v2\/users\/1"}],"replies":[{"embeddable":true,"href":"https:\/\/cacis-asso.net\/index.php\/wp-json\/wp\/v2\/comments?post=440"}],"version-history":[{"count":17,"href":"https:\/\/cacis-asso.net\/index.php\/wp-json\/wp\/v2\/pages\/440\/revisions"}],"predecessor-version":[{"id":1454,"href":"https:\/\/cacis-asso.net\/index.php\/wp-json\/wp\/v2\/pages\/440\/revisions\/1454"}],"wp:featuredmedia":[{"embeddable":true,"href":"https:\/\/cacis-asso.net\/index.php\/wp-json\/wp\/v2\/media\/943"}],"wp:attachment":[{"href":"https:\/\/cacis-asso.net\/index.php\/wp-json\/wp\/v2\/media?parent=440"}],"curies":[{"name":"wp","href":"https:\/\/api.w.org\/{rel}","templated":true}]}}