{"id":423,"date":"2017-09-25T12:44:59","date_gmt":"2017-09-25T10:44:59","guid":{"rendered":"http:\/\/cacis-asso.net\/?page_id=423"},"modified":"2024-01-23T13:49:02","modified_gmt":"2024-01-23T12:49:02","slug":"cest-qui","status":"publish","type":"page","link":"https:\/\/cacis-asso.net\/index.php\/cest-qui\/","title":{"rendered":"C&rsquo;est qui ?"},"content":{"rendered":"<h1><span style=\"color: #33cccc;\">C&rsquo;est qui ?<\/span><\/h1>\n<p>L\u2019\u00e9quipe du C.A.C.I.S. est compos\u00e9e\u00a0d&rsquo;\u00e9ducatrices, d&rsquo;animatrices, de m\u00e9decins g\u00e9n\u00e9ralistes, de gyn\u00e9cologues, de sages femmes,\u00a0d\u2019hommes, de femmes, de grand\u00b7e\u00b7s, de petit\u00b7e\u00b7s, de bavard\u00b7e\u00b7s, de gourmand\u00b7e\u00b7s, d\u2019artistes, de jeunes et de moins jeunes\u2026<\/p>\n<p><strong>Ils\u00b7Elles travaillent ensemble et il y en a toujours un\u00b7e pour accueillir et r\u00e9pondre aux questions !<\/strong><\/p>\n\n<div class=\"wp-block-image\">\n<figure class=\"aligncenter size-large\"><img loading=\"lazy\" decoding=\"async\" width=\"512\" height=\"1024\" src=\"https:\/\/cacis-asso.net\/wp-content\/uploads\/2024\/01\/Trombi-2024-pour-sites-512x1024.png\" alt=\"\" class=\"wp-image-1490\" srcset=\"https:\/\/cacis-asso.net\/wp-content\/uploads\/2024\/01\/Trombi-2024-pour-sites-512x1024.png 512w, https:\/\/cacis-asso.net\/wp-content\/uploads\/2024\/01\/Trombi-2024-pour-sites-150x300.png 150w, https:\/\/cacis-asso.net\/wp-content\/uploads\/2024\/01\/Trombi-2024-pour-sites-768x1536.png 768w, https:\/\/cacis-asso.net\/wp-content\/uploads\/2024\/01\/Trombi-2024-pour-sites-1024x2048.png 1024w\" sizes=\"auto, (max-width: 512px) 100vw, 512px\" \/><\/figure><\/div>","protected":false},"excerpt":{"rendered":"<p>C&rsquo;est qui ? L\u2019\u00e9quipe du C.A.C.I.S. est compos\u00e9e\u00a0d&rsquo;\u00e9ducatrices, d&rsquo;animatrices, de m\u00e9decins g\u00e9n\u00e9ralistes, de gyn\u00e9cologues, de sages femmes,\u00a0d\u2019hommes, de femmes, de grand\u00b7e\u00b7s, de petit\u00b7e\u00b7s, de bavard\u00b7e\u00b7s, de gourmand\u00b7e\u00b7s, d\u2019artistes, de jeunes et de moins jeunes\u2026 Ils\u00b7Elles travaillent ensemble et il y en a toujours un\u00b7e pour accueillir et r\u00e9pondre aux questions !<\/p>\n","protected":false},"author":1,"featured_media":1497,"parent":0,"menu_order":0,"comment_status":"closed","ping_status":"closed","template":"","meta":{"footnotes":""},"class_list":["post-423","page","type-page","status-publish","has-post-thumbnail","hentry"],"jetpack_sharing_enabled":true,"_links":{"self":[{"href":"https:\/\/cacis-asso.net\/index.php\/wp-json\/wp\/v2\/pages\/423","targetHints":{"allow":["GET"]}}],"collection":[{"href":"https:\/\/cacis-asso.net\/index.php\/wp-json\/wp\/v2\/pages"}],"about":[{"href":"https:\/\/cacis-asso.net\/index.php\/wp-json\/wp\/v2\/types\/page"}],"author":[{"embeddable":true,"href":"https:\/\/cacis-asso.net\/index.php\/wp-json\/wp\/v2\/users\/1"}],"replies":[{"embeddable":true,"href":"https:\/\/cacis-asso.net\/index.php\/wp-json\/wp\/v2\/comments?post=423"}],"version-history":[{"count":11,"href":"https:\/\/cacis-asso.net\/index.php\/wp-json\/wp\/v2\/pages\/423\/revisions"}],"predecessor-version":[{"id":1496,"href":"https:\/\/cacis-asso.net\/index.php\/wp-json\/wp\/v2\/pages\/423\/revisions\/1496"}],"wp:featuredmedia":[{"embeddable":true,"href":"https:\/\/cacis-asso.net\/index.php\/wp-json\/wp\/v2\/media\/1497"}],"wp:attachment":[{"href":"https:\/\/cacis-asso.net\/index.php\/wp-json\/wp\/v2\/media?parent=423"}],"curies":[{"name":"wp","href":"https:\/\/api.w.org\/{rel}","templated":true}]}}