{"id":420,"date":"2017-09-25T12:44:41","date_gmt":"2017-09-25T10:44:41","guid":{"rendered":"http:\/\/cacis-asso.net\/?page_id=420"},"modified":"2018-01-08T09:50:43","modified_gmt":"2018-01-08T08:50:43","slug":"linformation-et-la-prevention","status":"publish","type":"page","link":"https:\/\/cacis-asso.net\/index.php\/linformation-et-la-prevention\/","title":{"rendered":"L\u2019information et la pr\u00e9vention"},"content":{"rendered":"<h1><span style=\"color: #800080;\">L\u2019information et la pr\u00e9vention<\/span><\/h1>\n<p>Pour parler et \u00e9changer sur tous les th\u00e8mes de la sexualit\u00e9 et de l\u2019adolescence\u2026<br \/>\n<strong>Pour que les questions ne deviennent pas des probl\u00e8mes.<\/strong><\/p>\n<p>L\u2019\u00e9quipe du C.A.C.I.S rencontre les jeunes dans les \u00e9tablissements scolaires ou sp\u00e9cialis\u00e9s, dans ses locaux ou lors de manifestations comme la Journ\u00e9e Mondiale de Lutte Contre le Sida.<br \/>\nDevant un stand du C.A.C.I.S , il ne faut pas h\u00e9siter \u00e0 s\u2019arr\u00eater !<\/p>\n<p>Le C.A.C.I.S. cr\u00e9e aussi des jeux, des expositions,\u00a0des vid\u00e9os, etc.<\/p>\n<p>&nbsp;<\/p>\n","protected":false},"excerpt":{"rendered":"<p>L\u2019information et la pr\u00e9vention Pour parler et \u00e9changer sur tous les th\u00e8mes de la sexualit\u00e9 et de l\u2019adolescence\u2026 Pour que les questions ne deviennent pas des probl\u00e8mes. L\u2019\u00e9quipe du C.A.C.I.S rencontre les jeunes dans les \u00e9tablissements scolaires ou sp\u00e9cialis\u00e9s, dans ses locaux ou lors de manifestations comme la Journ\u00e9e Mondiale de Lutte Contre le Sida. &hellip; <\/p>\n<p class=\"link-more\"><a href=\"https:\/\/cacis-asso.net\/index.php\/linformation-et-la-prevention\/\" class=\"more-link\">Continuer la lecture<span class=\"screen-reader-text\"> de &laquo;&nbsp;L\u2019information et la pr\u00e9vention&nbsp;&raquo;<\/span><\/a><\/p>\n","protected":false},"author":1,"featured_media":945,"parent":0,"menu_order":0,"comment_status":"closed","ping_status":"closed","template":"","meta":{"footnotes":""},"class_list":["post-420","page","type-page","status-publish","has-post-thumbnail","hentry"],"jetpack_sharing_enabled":true,"_links":{"self":[{"href":"https:\/\/cacis-asso.net\/index.php\/wp-json\/wp\/v2\/pages\/420","targetHints":{"allow":["GET"]}}],"collection":[{"href":"https:\/\/cacis-asso.net\/index.php\/wp-json\/wp\/v2\/pages"}],"about":[{"href":"https:\/\/cacis-asso.net\/index.php\/wp-json\/wp\/v2\/types\/page"}],"author":[{"embeddable":true,"href":"https:\/\/cacis-asso.net\/index.php\/wp-json\/wp\/v2\/users\/1"}],"replies":[{"embeddable":true,"href":"https:\/\/cacis-asso.net\/index.php\/wp-json\/wp\/v2\/comments?post=420"}],"version-history":[{"count":7,"href":"https:\/\/cacis-asso.net\/index.php\/wp-json\/wp\/v2\/pages\/420\/revisions"}],"predecessor-version":[{"id":818,"href":"https:\/\/cacis-asso.net\/index.php\/wp-json\/wp\/v2\/pages\/420\/revisions\/818"}],"wp:featuredmedia":[{"embeddable":true,"href":"https:\/\/cacis-asso.net\/index.php\/wp-json\/wp\/v2\/media\/945"}],"wp:attachment":[{"href":"https:\/\/cacis-asso.net\/index.php\/wp-json\/wp\/v2\/media?parent=420"}],"curies":[{"name":"wp","href":"https:\/\/api.w.org\/{rel}","templated":true}]}}