{"id":417,"date":"2017-09-25T12:44:18","date_gmt":"2017-09-25T10:44:18","guid":{"rendered":"http:\/\/cacis-asso.net\/?page_id=417"},"modified":"2023-02-13T17:16:12","modified_gmt":"2023-02-13T16:16:12","slug":"laccueil","status":"publish","type":"page","link":"https:\/\/cacis-asso.net\/index.php\/laccueil\/","title":{"rendered":"L&rsquo;accueil"},"content":{"rendered":"<h1><span style=\"color: #f0168a;\">L&rsquo;accueil<\/span><\/h1>\n<p>Le C.A.C.I.S. est ouvert :<br \/>\n&#8211; le <strong>lundi<\/strong> de 14h \u00e0 18h<br \/>\n&#8211; le <strong>mercredi<\/strong> de 10h \u00e0 12h et de 14h \u00e0 18 h<br \/>\n&#8211; le 1er et 3\u00e8me <strong>samedi<\/strong> du mois de 10h \u00e0 12h.<\/p>\n<p>Des \u00e9ducatrices, des animatrices ou des conseill\u00e8res conjugales sont l\u00e0 pour :<br \/>\n&#8211; <strong>accueillir<\/strong>, <strong>\u00e9couter<\/strong> et <strong>r\u00e9pondre<\/strong> aux questions et aider \u00e0 trouver des <strong>solutions<\/strong> aux probl\u00e8mes<br \/>\n&#8211; donner des <strong>pr\u00e9servatifs<\/strong>\u2026<\/p>\n<p><span style=\"color: #000000;\"><strong>En dehors de ces jours-l\u00e0<\/strong>,\u00a0<\/span>un petit coup de t\u00e9l\u00e9phone <strong>05 56 39 11 69<\/strong> avant de venir pour s\u2019assurer qu\u2019il y aura bien quelqu\u2019un de disponible est fortement recommand\u00e9 !<\/p>\n","protected":false},"excerpt":{"rendered":"<p>L&rsquo;accueil Le C.A.C.I.S. est ouvert : &#8211; le lundi de 14h \u00e0 18h &#8211; le mercredi de 10h \u00e0 12h et de 14h \u00e0 18 h &#8211; le 1er et 3\u00e8me samedi du mois de 10h \u00e0 12h. Des \u00e9ducatrices, des animatrices ou des conseill\u00e8res conjugales sont l\u00e0 pour : &#8211; accueillir, \u00e9couter et r\u00e9pondre &hellip; <\/p>\n<p class=\"link-more\"><a href=\"https:\/\/cacis-asso.net\/index.php\/laccueil\/\" class=\"more-link\">Continuer la lecture<span class=\"screen-reader-text\"> de &laquo;&nbsp;L&rsquo;accueil&nbsp;&raquo;<\/span><\/a><\/p>\n","protected":false},"author":1,"featured_media":1044,"parent":0,"menu_order":0,"comment_status":"closed","ping_status":"closed","template":"","meta":{"footnotes":""},"class_list":["post-417","page","type-page","status-publish","has-post-thumbnail","hentry"],"jetpack_sharing_enabled":true,"_links":{"self":[{"href":"https:\/\/cacis-asso.net\/index.php\/wp-json\/wp\/v2\/pages\/417","targetHints":{"allow":["GET"]}}],"collection":[{"href":"https:\/\/cacis-asso.net\/index.php\/wp-json\/wp\/v2\/pages"}],"about":[{"href":"https:\/\/cacis-asso.net\/index.php\/wp-json\/wp\/v2\/types\/page"}],"author":[{"embeddable":true,"href":"https:\/\/cacis-asso.net\/index.php\/wp-json\/wp\/v2\/users\/1"}],"replies":[{"embeddable":true,"href":"https:\/\/cacis-asso.net\/index.php\/wp-json\/wp\/v2\/comments?post=417"}],"version-history":[{"count":10,"href":"https:\/\/cacis-asso.net\/index.php\/wp-json\/wp\/v2\/pages\/417\/revisions"}],"predecessor-version":[{"id":1344,"href":"https:\/\/cacis-asso.net\/index.php\/wp-json\/wp\/v2\/pages\/417\/revisions\/1344"}],"wp:featuredmedia":[{"embeddable":true,"href":"https:\/\/cacis-asso.net\/index.php\/wp-json\/wp\/v2\/media\/1044"}],"wp:attachment":[{"href":"https:\/\/cacis-asso.net\/index.php\/wp-json\/wp\/v2\/media?parent=417"}],"curies":[{"name":"wp","href":"https:\/\/api.w.org\/{rel}","templated":true}]}}