{"id":414,"date":"2017-09-25T12:43:37","date_gmt":"2017-09-25T10:43:37","guid":{"rendered":"http:\/\/cacis-asso.net\/?page_id=414"},"modified":"2023-02-13T17:20:31","modified_gmt":"2023-02-13T16:20:31","slug":"la-consultation-du-centre-de-planification-et-deducation-familiale","status":"publish","type":"page","link":"https:\/\/cacis-asso.net\/index.php\/la-consultation-du-centre-de-planification-et-deducation-familiale\/","title":{"rendered":"La consultation du centre de sant\u00e9 sexuelle"},"content":{"rendered":"<h1><span style=\"color: #ffcc00;\">La consultation du centre de sant\u00e9 sexuelle<\/span><\/h1>\n<p><strong>Il est possible de consulter gratuitement, sans autorisation parentale et en toute confidentialit\u00e9<\/strong> des m\u00e9decins et des sages-femmes pour tous les motifs qui concernent la sexualit\u00e9 : contraception, grossesse, I.S.T., S.I.D.A., I.V.G., etc.<\/p>\n<p>Les consultations ont lieu dans nos locaux, 163 avenue Emile Counord<br \/>\n(Tram C arr\u00eat Grand Parc), c&rsquo;est &#8230;<\/p>\n<p><strong>SUR rendez-vous<\/strong> :<br \/>\n&#8211; Le lundi de 14h \u00e0 18 h<br \/>\n&#8211; Le mercredi de 9h \u00e0 12h<br \/>\n&#8211; Le 1er et 3\u00e8me samedi du mois de 10h \u00e0 12h<strong><br \/>\nil suffit d&rsquo;appeler au 05 56 39 11 69 pour prendre un rendez-vous<br \/>\n<\/strong><\/p>\n<p><strong>SANS rendez-vous :<br \/>\n<\/strong>&#8211; Le mercredi de 14h \u00e0 18 h<br \/>\nLes personnes s\u2019inscrivent en arrivant et passent selon leur ordre d\u2019arriv\u00e9e.<br \/>\nFacile ! Pas besoin de prendre rendez-vous, pas besoin d\u2019en parler aux parents si on n\u2019en a pas envie.<\/p>\n","protected":false},"excerpt":{"rendered":"<p>La consultation du centre de sant\u00e9 sexuelle Il est possible de consulter gratuitement, sans autorisation parentale et en toute confidentialit\u00e9 des m\u00e9decins et des sages-femmes pour tous les motifs qui concernent la sexualit\u00e9 : contraception, grossesse, I.S.T., S.I.D.A., I.V.G., etc. Les consultations ont lieu dans nos locaux, 163 avenue Emile Counord (Tram C arr\u00eat Grand &hellip; <\/p>\n<p class=\"link-more\"><a href=\"https:\/\/cacis-asso.net\/index.php\/la-consultation-du-centre-de-planification-et-deducation-familiale\/\" class=\"more-link\">Continuer la lecture<span class=\"screen-reader-text\"> de &laquo;&nbsp;La consultation du centre de sant\u00e9 sexuelle&nbsp;&raquo;<\/span><\/a><\/p>\n","protected":false},"author":1,"featured_media":1046,"parent":0,"menu_order":0,"comment_status":"closed","ping_status":"closed","template":"","meta":{"footnotes":""},"class_list":["post-414","page","type-page","status-publish","has-post-thumbnail","hentry"],"jetpack_sharing_enabled":true,"_links":{"self":[{"href":"https:\/\/cacis-asso.net\/index.php\/wp-json\/wp\/v2\/pages\/414","targetHints":{"allow":["GET"]}}],"collection":[{"href":"https:\/\/cacis-asso.net\/index.php\/wp-json\/wp\/v2\/pages"}],"about":[{"href":"https:\/\/cacis-asso.net\/index.php\/wp-json\/wp\/v2\/types\/page"}],"author":[{"embeddable":true,"href":"https:\/\/cacis-asso.net\/index.php\/wp-json\/wp\/v2\/users\/1"}],"replies":[{"embeddable":true,"href":"https:\/\/cacis-asso.net\/index.php\/wp-json\/wp\/v2\/comments?post=414"}],"version-history":[{"count":20,"href":"https:\/\/cacis-asso.net\/index.php\/wp-json\/wp\/v2\/pages\/414\/revisions"}],"predecessor-version":[{"id":1347,"href":"https:\/\/cacis-asso.net\/index.php\/wp-json\/wp\/v2\/pages\/414\/revisions\/1347"}],"wp:featuredmedia":[{"embeddable":true,"href":"https:\/\/cacis-asso.net\/index.php\/wp-json\/wp\/v2\/media\/1046"}],"wp:attachment":[{"href":"https:\/\/cacis-asso.net\/index.php\/wp-json\/wp\/v2\/media?parent=414"}],"curies":[{"name":"wp","href":"https:\/\/api.w.org\/{rel}","templated":true}]}}