{"id":411,"date":"2017-09-25T12:42:56","date_gmt":"2017-09-25T10:42:56","guid":{"rendered":"http:\/\/cacis-asso.net\/?page_id=411"},"modified":"2023-07-11T15:04:40","modified_gmt":"2023-07-11T13:04:40","slug":"le-c-a-c-i-s-cest-quoi","status":"publish","type":"page","link":"https:\/\/cacis-asso.net\/index.php\/le-c-a-c-i-s-cest-quoi\/","title":{"rendered":"Le C.A.C.I.S. c&rsquo;est quoi ?"},"content":{"rendered":"<h1><span style=\"color: #99cc00;\">Le C.A.C.I.S. c&rsquo;est quoi ?<\/span><\/h1>\n<p>Le <span style=\"color: #99cc00;\">C<\/span>.<span style=\"color: #ed0974;\">A<\/span>.<span style=\"color: #ffcc00;\">C<\/span>.<span style=\"color: #c40cb8;\">I<\/span>.<span style=\"color: #0ec4c7;\">S <\/span>est un sigle qui veut dire:<br \/>\n<span style=\"color: #99cc00;\"><strong>C<\/strong><\/span>entre<br \/>\n<span style=\"color: #ed0974;\"><strong>A<\/strong><\/span>ccueil<br \/>\n<span style=\"color: #ffcc00;\"><strong>C<\/strong><\/span>onsultation<br \/>\n<span style=\"color: #c40cb8;\"><strong>I<\/strong><\/span>nformation<br \/>\n<span style=\"color: #0ec4c7;\"><strong>S<\/strong><\/span>exualit\u00e9<\/p>\n<p>Le C.A.C.I.S est une <strong>association<\/strong> qui m\u00e8ne plusieurs actions pour permettre \u00e0 tous et toutes, et aux jeunes en particulier, de trouver des r\u00e9ponses \u00e0 leurs questions sur la sexualit\u00e9, gratuitement et en toute confidentialit\u00e9.<\/p>\n","protected":false},"excerpt":{"rendered":"<p>Le C.A.C.I.S. c&rsquo;est quoi ? Le C.A.C.I.S est un sigle qui veut dire: Centre Accueil Consultation Information Sexualit\u00e9 Le C.A.C.I.S est une association qui m\u00e8ne plusieurs actions pour permettre \u00e0 tous et toutes, et aux jeunes en particulier, de trouver des r\u00e9ponses \u00e0 leurs questions sur la sexualit\u00e9, gratuitement et en toute confidentialit\u00e9.<\/p>\n","protected":false},"author":1,"featured_media":1042,"parent":0,"menu_order":0,"comment_status":"closed","ping_status":"closed","template":"","meta":{"footnotes":""},"class_list":["post-411","page","type-page","status-publish","has-post-thumbnail","hentry"],"jetpack_sharing_enabled":true,"_links":{"self":[{"href":"https:\/\/cacis-asso.net\/index.php\/wp-json\/wp\/v2\/pages\/411","targetHints":{"allow":["GET"]}}],"collection":[{"href":"https:\/\/cacis-asso.net\/index.php\/wp-json\/wp\/v2\/pages"}],"about":[{"href":"https:\/\/cacis-asso.net\/index.php\/wp-json\/wp\/v2\/types\/page"}],"author":[{"embeddable":true,"href":"https:\/\/cacis-asso.net\/index.php\/wp-json\/wp\/v2\/users\/1"}],"replies":[{"embeddable":true,"href":"https:\/\/cacis-asso.net\/index.php\/wp-json\/wp\/v2\/comments?post=411"}],"version-history":[{"count":8,"href":"https:\/\/cacis-asso.net\/index.php\/wp-json\/wp\/v2\/pages\/411\/revisions"}],"predecessor-version":[{"id":1428,"href":"https:\/\/cacis-asso.net\/index.php\/wp-json\/wp\/v2\/pages\/411\/revisions\/1428"}],"wp:featuredmedia":[{"embeddable":true,"href":"https:\/\/cacis-asso.net\/index.php\/wp-json\/wp\/v2\/media\/1042"}],"wp:attachment":[{"href":"https:\/\/cacis-asso.net\/index.php\/wp-json\/wp\/v2\/media?parent=411"}],"curies":[{"name":"wp","href":"https:\/\/api.w.org\/{rel}","templated":true}]}}