{"id":405,"date":"2017-09-25T12:33:50","date_gmt":"2017-09-25T10:33:50","guid":{"rendered":"http:\/\/cacis-asso.net\/?page_id=405"},"modified":"2023-07-13T13:37:00","modified_gmt":"2023-07-13T11:37:00","slug":"les-mycoses","status":"publish","type":"page","link":"https:\/\/cacis-asso.net\/index.php\/les-mycoses\/","title":{"rendered":"Les Mycoses"},"content":{"rendered":"<h1><span style=\"color: #18b5b5;\">Les mycoses<\/span><\/h1>\n<p>C\u2019est la contamination des organes g\u00e9nitaux par la multiplication exag\u00e9r\u00e9e d\u2019un <strong>champignon microscopique<\/strong> d\u00e9j\u00e0\u00a0normalement pr\u00e9sent dans l\u2019organisme.<\/p>\n<h2><span style=\"color: #18b5b5;\">Quels sympt\u00f4mes\u00a0?<\/span><\/h2>\n<p>\u00c7a gratte, \u00e7a br\u00fble parfois, \u00e7a peut entra\u00eener des \u00e9coulements qui peuvent \u00eatre malodorants\u00a0et les rapports sexuels peuvent \u00eatre douloureux.<\/p>\n<h2><span style=\"color: #18b5b5;\">Pourquoi\u00a0?<\/span><\/h2>\n<p>La multiplication anormale de ces petits champignons peut \u00eatre due \u00e0 des sous v\u00eatements synth\u00e9tiques ou trop serr\u00e9s, \u00e0 des pantalons trop serr\u00e9s, au stress, aux contrari\u00e9t\u00e9s, \u00e0 une r\u00e9action \u00e0 certains savons ou \u00e0 la prise de certains m\u00e9dicaments comme les antibiotiques.<\/p>\n<h2><span style=\"color: #18b5b5;\">Que faire\u00a0?<\/span><\/h2>\n<p><strong>Courir consulter un m\u00e9decin<\/strong>, dans un cabinet m\u00e9dical, dans un <a href=\"https:\/\/www.gironde.fr\/sante-sexualite\/mieux-vivre-sa-sexualite#centres-sante-sexuelle\" target=\"_blank\" rel=\"noopener\">centre de sant\u00e9 sexuelle<\/a> comme le C.A.C.I.S. !<br \/>\nCe n\u2019est pas grave mais tr\u00e8s d\u00e9sagr\u00e9able et il faut traiter.<br \/>\nLes traitements\u00a0: cr\u00e8mes ou ovules (pour les organes g\u00e9nitaux f\u00e9minins) sont simples et efficaces.<\/p>\n","protected":false},"excerpt":{"rendered":"<p>Les mycoses C\u2019est la contamination des organes g\u00e9nitaux par la multiplication exag\u00e9r\u00e9e d\u2019un champignon microscopique d\u00e9j\u00e0\u00a0normalement pr\u00e9sent dans l\u2019organisme. Quels sympt\u00f4mes\u00a0? \u00c7a gratte, \u00e7a br\u00fble parfois, \u00e7a peut entra\u00eener des \u00e9coulements qui peuvent \u00eatre malodorants\u00a0et les rapports sexuels peuvent \u00eatre douloureux. Pourquoi\u00a0? La multiplication anormale de ces petits champignons peut \u00eatre due \u00e0 des sous &hellip; <\/p>\n<p class=\"link-more\"><a href=\"https:\/\/cacis-asso.net\/index.php\/les-mycoses\/\" class=\"more-link\">Continuer la lecture<span class=\"screen-reader-text\"> de &laquo;&nbsp;Les Mycoses&nbsp;&raquo;<\/span><\/a><\/p>\n","protected":false},"author":1,"featured_media":939,"parent":0,"menu_order":0,"comment_status":"closed","ping_status":"closed","template":"","meta":{"footnotes":""},"class_list":["post-405","page","type-page","status-publish","has-post-thumbnail","hentry"],"jetpack_sharing_enabled":true,"_links":{"self":[{"href":"https:\/\/cacis-asso.net\/index.php\/wp-json\/wp\/v2\/pages\/405","targetHints":{"allow":["GET"]}}],"collection":[{"href":"https:\/\/cacis-asso.net\/index.php\/wp-json\/wp\/v2\/pages"}],"about":[{"href":"https:\/\/cacis-asso.net\/index.php\/wp-json\/wp\/v2\/types\/page"}],"author":[{"embeddable":true,"href":"https:\/\/cacis-asso.net\/index.php\/wp-json\/wp\/v2\/users\/1"}],"replies":[{"embeddable":true,"href":"https:\/\/cacis-asso.net\/index.php\/wp-json\/wp\/v2\/comments?post=405"}],"version-history":[{"count":9,"href":"https:\/\/cacis-asso.net\/index.php\/wp-json\/wp\/v2\/pages\/405\/revisions"}],"predecessor-version":[{"id":1460,"href":"https:\/\/cacis-asso.net\/index.php\/wp-json\/wp\/v2\/pages\/405\/revisions\/1460"}],"wp:featuredmedia":[{"embeddable":true,"href":"https:\/\/cacis-asso.net\/index.php\/wp-json\/wp\/v2\/media\/939"}],"wp:attachment":[{"href":"https:\/\/cacis-asso.net\/index.php\/wp-json\/wp\/v2\/media?parent=405"}],"curies":[{"name":"wp","href":"https:\/\/api.w.org\/{rel}","templated":true}]}}