{"id":401,"date":"2017-09-25T12:33:30","date_gmt":"2017-09-25T10:33:30","guid":{"rendered":"http:\/\/cacis-asso.net\/?page_id=401"},"modified":"2023-02-14T10:19:59","modified_gmt":"2023-02-14T09:19:59","slug":"les-i-s-t","status":"publish","type":"page","link":"https:\/\/cacis-asso.net\/index.php\/les-i-s-t\/","title":{"rendered":"Les I.S.T."},"content":{"rendered":"<h1><span style=\"color: #18b5b5;\">Les I.S.T.<\/span><\/h1>\n<p><strong>Les I.S.T. : Infection Sexuellement Transmissible<\/strong><\/p>\n<p>C\u2019est la contamination de l\u2019organisme, lors de rapports sexuels, par des microbes\u00a0:<br \/>\n&#8211; bact\u00e9ries (chlamydia, gonocoque, syphilis, mycoplasmes)<br \/>\n&#8211; virus (h\u00e9patite B, herp\u00e8s, condylomes, V.I.H.)<br \/>\n&#8211; parasites (morpions)<\/p>\n<h2><span style=\"color: #18b5b5;\">Quels sympt\u00f4mes\u00a0?<\/span><\/h2>\n<p>Parfois il y a des sympt\u00f4mes\u00a0: irritations, rougeurs, douleurs au bas ventre, \u00e9coulements anormaux, sensation de br\u00fblure, boutons, fi\u00e8vre, br\u00fblures en urinant.<\/p>\n<h2><span style=\"color: #18b5b5;\">Que faire\u00a0?<\/span><\/h2>\n<p><strong>En cas de sympt\u00f4mes ou de doutes, courir consulter un m\u00e9decin<\/strong> dans un cabinet m\u00e9dical, ou gratuitement dans\u00a0<span style=\"font-size: 1rem;\">un<\/span><span style=\"font-size: 1rem;\">\u00a0<\/span><a href=\"https:\/\/www.gironde.fr\/sante-sexualite\/mieux-vivre-sa-sexualite#centres-sante-sexuelle\" target=\"_blank\" rel=\"noopener\">centre de sant\u00e9 sexuelle<\/a>,<span style=\"font-size: 1rem;\">\u00a0au <a href=\"https:\/\/cacis-asso.net\/index.php\/la-consultation-du-centre-de-planification-et-deducation-familiale\/\" target=\"_blank\" rel=\"noopener\">C.A.C.I.S.<\/a><\/span><span style=\"font-size: 1rem;\"> par exemple, ou dans un Centre Gratuit d&rsquo;Information de D\u00e9pistage et de Diagnostic (<a href=\"https:\/\/www.sida-info-service.org\/annuaire\/\" target=\"_blank\" rel=\"noopener\">C.E.G.I.D.D.<\/a>) <\/span><span style=\"font-size: 1rem;\">!<\/span><\/p>\n<p><strong>Il fera les examens n\u00e9cessaires et choisira le traitement appropri\u00e9<\/strong>.<br \/>\nLe meilleur moyen de s\u2019en prot\u00e9ger c\u2019est d\u2019utiliser des <strong>pr\u00e9servatifs<\/strong>.<br \/>\nLa plupart de ces infections se soignent facilement.<br \/>\nCertaines, non trait\u00e9es, peuvent entra\u00eener de graves complications telle que la st\u00e9rilit\u00e9.<br \/>\nDans tous les cas, il faut traiter les partenaires.<\/p>\n","protected":false},"excerpt":{"rendered":"<p>Les I.S.T. Les I.S.T. : Infection Sexuellement Transmissible C\u2019est la contamination de l\u2019organisme, lors de rapports sexuels, par des microbes\u00a0: &#8211; bact\u00e9ries (chlamydia, gonocoque, syphilis, mycoplasmes) &#8211; virus (h\u00e9patite B, herp\u00e8s, condylomes, V.I.H.) &#8211; parasites (morpions) Quels sympt\u00f4mes\u00a0? Parfois il y a des sympt\u00f4mes\u00a0: irritations, rougeurs, douleurs au bas ventre, \u00e9coulements anormaux, sensation de br\u00fblure, &hellip; <\/p>\n<p class=\"link-more\"><a href=\"https:\/\/cacis-asso.net\/index.php\/les-i-s-t\/\" class=\"more-link\">Continuer la lecture<span class=\"screen-reader-text\"> de &laquo;&nbsp;Les I.S.T.&nbsp;&raquo;<\/span><\/a><\/p>\n","protected":false},"author":1,"featured_media":936,"parent":0,"menu_order":0,"comment_status":"closed","ping_status":"closed","template":"","meta":{"footnotes":""},"class_list":["post-401","page","type-page","status-publish","has-post-thumbnail","hentry"],"jetpack_sharing_enabled":true,"_links":{"self":[{"href":"https:\/\/cacis-asso.net\/index.php\/wp-json\/wp\/v2\/pages\/401","targetHints":{"allow":["GET"]}}],"collection":[{"href":"https:\/\/cacis-asso.net\/index.php\/wp-json\/wp\/v2\/pages"}],"about":[{"href":"https:\/\/cacis-asso.net\/index.php\/wp-json\/wp\/v2\/types\/page"}],"author":[{"embeddable":true,"href":"https:\/\/cacis-asso.net\/index.php\/wp-json\/wp\/v2\/users\/1"}],"replies":[{"embeddable":true,"href":"https:\/\/cacis-asso.net\/index.php\/wp-json\/wp\/v2\/comments?post=401"}],"version-history":[{"count":9,"href":"https:\/\/cacis-asso.net\/index.php\/wp-json\/wp\/v2\/pages\/401\/revisions"}],"predecessor-version":[{"id":1371,"href":"https:\/\/cacis-asso.net\/index.php\/wp-json\/wp\/v2\/pages\/401\/revisions\/1371"}],"wp:featuredmedia":[{"embeddable":true,"href":"https:\/\/cacis-asso.net\/index.php\/wp-json\/wp\/v2\/media\/936"}],"wp:attachment":[{"href":"https:\/\/cacis-asso.net\/index.php\/wp-json\/wp\/v2\/media?parent=401"}],"curies":[{"name":"wp","href":"https:\/\/api.w.org\/{rel}","templated":true}]}}