{"id":397,"date":"2017-09-25T12:32:54","date_gmt":"2017-09-25T10:32:54","guid":{"rendered":"http:\/\/cacis-asso.net\/?page_id=397"},"modified":"2023-02-14T10:15:17","modified_gmt":"2023-02-14T09:15:17","slug":"le-sida","status":"publish","type":"page","link":"https:\/\/cacis-asso.net\/index.php\/le-sida\/","title":{"rendered":"Le S.I.D.A."},"content":{"rendered":"<h1><span style=\"color: #18b5b5;\">Le S.I.D.A.<br \/>\n<\/span><\/h1>\n<p>Le S.I.D.A. est une maladie transmissible caus\u00e9e par le <strong>Virus de l\u2019Immunod\u00e9ficience Humaine<\/strong>, le V.I.H.<br \/>\nLe S.I.D.A. est l\u2019\u00e9tape la plus avanc\u00e9e et la plus grave de la contamination par le V.I.H.<\/p>\n<h2><span style=\"color: #18b5b5;\">Comment ?<\/span><\/h2>\n<p><strong>Le virus se transmet d\u2019une personne d\u00e9j\u00e0 porteuse du virus \u00e0 une autre par certains liquides corporels\u00a0<\/strong>: le sang, le sperme, les s\u00e9cr\u00e9tions vaginales, le liquide s\u00e9minal et le lait maternel.<\/p>\n<p>Pour contaminer l\u2019organisme, le virus doit entrer directement dans le corps\u00a0:<br \/>\n&#8211; lors de rapports sexuels non prot\u00e9g\u00e9s, rupture de pr\u00e9servatifs<br \/>\n&#8211; \u00e0 l\u2019occasion de piercings ou de tatouages effectu\u00e9s par des outils non st\u00e9rilis\u00e9s<br \/>\n&#8211; le partage de seringues usag\u00e9es ou piq\u00fbre accidentelle par une seringue souill\u00e9e, pendant la grossesse lors de l\u2019accouchement, pendant l\u2019allaitement par le lait maternel.<\/p>\n<h2><span style=\"color: #18b5b5;\">Pourquoi\u00a0?<\/span><\/h2>\n<p>Le V.I.H.<strong> attaque le syst\u00e8me immunitaire<\/strong> humain qui d\u00e9fend l\u2019organisme contre les maladies.<br \/>\nQuand le syst\u00e8me immunitaire est trop attaqu\u00e9, le corps a du mal \u00e0 se d\u00e9fendre contre les maladies.<br \/>\nUne personne qui a \u00e9t\u00e9 contamin\u00e9e par le V.I.H. est s\u00e9ropositive.<br \/>\nUne personne qui n\u2019est pas contamin\u00e9e est s\u00e9ron\u00e9gative.<\/p>\n<h2><span style=\"color: #18b5b5;\">Quels sympt\u00f4mes\u00a0?<\/span><\/h2>\n<p>Dans un premier temps, qui peut durer de quelques mois \u00e0 plusieurs ann\u00e9es, c\u2019est une <span style=\"color: #000000;\"><strong>maladie silencieuse<\/strong><\/span>.<br \/>\nPuis des infections plus ou moins graves apparaissent, le corps a de plus en plus de mal \u00e0 lutter contre elles parce que le syst\u00e8me immunitaire est trop affaibli. <strong>On meurt toujours (et encore) du S.I.D.A.<\/strong>.<br \/>\nIl existe des traitements qui freinent l\u2019\u00e9volution de la maladie mais qui ne gu\u00e9rissent pas.<\/p>\n<h2><span style=\"color: #18b5b5;\">Que faire\u00a0?<\/span><\/h2>\n<p>En cas de doute ou de prise de risque, consulter un m\u00e9decin ou une sage-femme, dans un cabinet m\u00e9dical,\u00a0<span style=\"font-size: 1rem;\">\u00a0<\/span><span style=\"font-size: 1rem;\">gratuitement dans un<\/span><span style=\"font-size: 1rem;\">\u00a0<\/span><a href=\"https:\/\/www.gironde.fr\/sante-sexualite\/mieux-vivre-sa-sexualite#centres-sante-sexuelle\" target=\"_blank\" rel=\"noopener\">centre de sant\u00e9 sexuelle<\/a>,<span style=\"font-size: 1rem;\"> au <a href=\"https:\/\/cacis-asso.net\/index.php\/la-consultation-du-centre-de-planification-et-deducation-familiale\/\" target=\"_blank\" rel=\"noopener\">C.A.C.I.S<\/a>. par exemple, <\/span><span style=\"font-size: 1rem;\">ou\u00a0<\/span><span style=\"font-size: 1rem;\">dans un Centre Gratuit d&rsquo;Information de D\u00e9pistage et de Diagnostic (<a href=\"https:\/\/www.sida-info-service.org\/Centre-De-Depistage-VIH-Sida-Ville-de-Bordeaux\" target=\"_blank\" rel=\"noopener\">C.E.G.I.D.D.<\/a>),<\/span><\/p>\n<p>Le seul moyen de savoir s\u2019il y a eu contamination ou non c\u2019est de contr\u00f4ler la pr\u00e9sence ou non du virus dans l\u2019organisme par une <strong>analyse du sang<\/strong>. Soit gr\u00e2ce \u00e0 une prise sang faite dans un laboratoire, soit gr\u00e2ce \u00e0 un T.R.O.D. (Test Rapide \u00e0 Orientation Diagnostique). Le T.R.O.D. permet d&rsquo;avoir le r\u00e9sultat tout de suite, gr\u00e2ce au pr\u00e9l\u00e8vement d&rsquo;une goutte de sang sur le bout du doigt !<br \/>\n<strong>Cela s\u2019appelle un d\u00e9pistage<\/strong>.<\/p>\n<p><strong>Le meilleur moyen de s\u2019en prot\u00e9ger c\u2019est d\u2019utiliser des pr\u00e9servatifs\u00a0!<\/strong><\/p>\n","protected":false},"excerpt":{"rendered":"<p>Le S.I.D.A. Le S.I.D.A. est une maladie transmissible caus\u00e9e par le Virus de l\u2019Immunod\u00e9ficience Humaine, le V.I.H. Le S.I.D.A. est l\u2019\u00e9tape la plus avanc\u00e9e et la plus grave de la contamination par le V.I.H. Comment ? Le virus se transmet d\u2019une personne d\u00e9j\u00e0 porteuse du virus \u00e0 une autre par certains liquides corporels\u00a0: le sang, &hellip; <\/p>\n<p class=\"link-more\"><a href=\"https:\/\/cacis-asso.net\/index.php\/le-sida\/\" class=\"more-link\">Continuer la lecture<span class=\"screen-reader-text\"> de &laquo;&nbsp;Le S.I.D.A.&nbsp;&raquo;<\/span><\/a><\/p>\n","protected":false},"author":1,"featured_media":947,"parent":0,"menu_order":0,"comment_status":"closed","ping_status":"closed","template":"","meta":{"footnotes":""},"class_list":["post-397","page","type-page","status-publish","has-post-thumbnail","hentry"],"jetpack_sharing_enabled":true,"_links":{"self":[{"href":"https:\/\/cacis-asso.net\/index.php\/wp-json\/wp\/v2\/pages\/397","targetHints":{"allow":["GET"]}}],"collection":[{"href":"https:\/\/cacis-asso.net\/index.php\/wp-json\/wp\/v2\/pages"}],"about":[{"href":"https:\/\/cacis-asso.net\/index.php\/wp-json\/wp\/v2\/types\/page"}],"author":[{"embeddable":true,"href":"https:\/\/cacis-asso.net\/index.php\/wp-json\/wp\/v2\/users\/1"}],"replies":[{"embeddable":true,"href":"https:\/\/cacis-asso.net\/index.php\/wp-json\/wp\/v2\/comments?post=397"}],"version-history":[{"count":10,"href":"https:\/\/cacis-asso.net\/index.php\/wp-json\/wp\/v2\/pages\/397\/revisions"}],"predecessor-version":[{"id":1367,"href":"https:\/\/cacis-asso.net\/index.php\/wp-json\/wp\/v2\/pages\/397\/revisions\/1367"}],"wp:featuredmedia":[{"embeddable":true,"href":"https:\/\/cacis-asso.net\/index.php\/wp-json\/wp\/v2\/media\/947"}],"wp:attachment":[{"href":"https:\/\/cacis-asso.net\/index.php\/wp-json\/wp\/v2\/media?parent=397"}],"curies":[{"name":"wp","href":"https:\/\/api.w.org\/{rel}","templated":true}]}}