{"id":389,"date":"2017-09-25T12:30:48","date_gmt":"2017-09-25T10:30:48","guid":{"rendered":"http:\/\/cacis-asso.net\/?page_id=389"},"modified":"2023-07-13T13:15:52","modified_gmt":"2023-07-13T11:15:52","slug":"la-pilule-du-lendemain","status":"publish","type":"page","link":"https:\/\/cacis-asso.net\/index.php\/la-pilule-du-lendemain\/","title":{"rendered":"La Pilule du lendemain"},"content":{"rendered":"<h1><span style=\"color: #ffcc00;\">La pilule du lendemain<\/span><\/h1>\n<p>La pilule du lendemain est une <strong>contraception d\u2019urgence qui peut permettre d\u2019\u00e9viter une grossesse<\/strong>.<\/p>\n<p>Elle doit \u00eatre utilis\u00e9e apr\u00e8s un rapport sexuel :<br \/>\n&#8211; s\u2019il n\u2019y avait <strong>pas de contraception<\/strong><br \/>\n&#8211; s\u2019il y a eu <strong>oubli de pilule<\/strong><br \/>\n&#8211; s\u2019il y a eu un <strong>oubli ou une rupture de pr\u00e9servatif<\/strong><\/p>\n<h2><span style=\"color: #ffcc00;\">Comment l\u2019utiliser ?<\/span><\/h2>\n<p><strong>Un comprim\u00e9 \u00e0 prendre le plus t\u00f4t possible<\/strong> pour permettre une meilleure efficacit\u00e9 et au plus tard 3 \u00e0 5 jours apr\u00e8s le rapport sexuel selon la marque de la pilule du lendemain propos\u00e9e.<\/p>\n<p>Attention : Elle n\u2019est pas toujours efficace, en cas de retard de r\u00e8gles faire un test de grossesse.<\/p>\n<h2><span style=\"color: #ffcc00;\">O\u00f9 se la procurer ?<\/span><\/h2>\n<p>&#8211; D\u00e9livr\u00e9e gratuitement aux mineures dans un <a href=\"https:\/\/www.gironde.fr\/sante-sexualite\/mieux-vivre-sa-sexualite#centres-sante-sexuelle\" target=\"_blank\" rel=\"noopener\">centre de sant\u00e9 sexuelle<\/a> (comme le C.A.C.I.S.)<br \/>\n&#8211; D\u00e9livr\u00e9e par les infirmi\u00e8res scolaires, dans les services de sant\u00e9 universitaires, dans les <a href=\"https:\/\/www.sida-info-service.org\/annuaire\/\" target=\"_blank\" rel=\"noopener\">CeGIDD<\/a><br \/>\n&#8211; Depuis le 1er janvier 2023 elle peut \u00eatre d\u00e9livr\u00e9e dans une <a href=\"https:\/\/www.ameli.fr\/assure\/sante\/themes\/contraception-urgence\/contraception-urgence-gratuite\" target=\"_blank\" rel=\"noopener\">pharmacie de ville gratuitement, sans prescription m\u00e9dicale<\/a> et sans avance de frais.<\/p>\n<p><strong>Les<\/strong> <strong>id\u00e9es re\u00e7ues<\/strong> sur la pilule du lendemain ont la peau dure : l&rsquo;utiliser trop souvent rendrait st\u00e9rile. C&rsquo;est faux, tu peux la prendre plusieurs fois par an sans devenir d&rsquo;\u00eatre st\u00e9rile !<\/p>\n","protected":false},"excerpt":{"rendered":"<p>La pilule du lendemain La pilule du lendemain est une contraception d\u2019urgence qui peut permettre d\u2019\u00e9viter une grossesse. Elle doit \u00eatre utilis\u00e9e apr\u00e8s un rapport sexuel : &#8211; s\u2019il n\u2019y avait pas de contraception &#8211; s\u2019il y a eu oubli de pilule &#8211; s\u2019il y a eu un oubli ou une rupture de pr\u00e9servatif Comment &hellip; <\/p>\n<p class=\"link-more\"><a href=\"https:\/\/cacis-asso.net\/index.php\/la-pilule-du-lendemain\/\" class=\"more-link\">Continuer la lecture<span class=\"screen-reader-text\"> de &laquo;&nbsp;La Pilule du lendemain&nbsp;&raquo;<\/span><\/a><\/p>\n","protected":false},"author":1,"featured_media":942,"parent":0,"menu_order":0,"comment_status":"closed","ping_status":"closed","template":"","meta":{"footnotes":""},"class_list":["post-389","page","type-page","status-publish","has-post-thumbnail","hentry"],"jetpack_sharing_enabled":true,"_links":{"self":[{"href":"https:\/\/cacis-asso.net\/index.php\/wp-json\/wp\/v2\/pages\/389","targetHints":{"allow":["GET"]}}],"collection":[{"href":"https:\/\/cacis-asso.net\/index.php\/wp-json\/wp\/v2\/pages"}],"about":[{"href":"https:\/\/cacis-asso.net\/index.php\/wp-json\/wp\/v2\/types\/page"}],"author":[{"embeddable":true,"href":"https:\/\/cacis-asso.net\/index.php\/wp-json\/wp\/v2\/users\/1"}],"replies":[{"embeddable":true,"href":"https:\/\/cacis-asso.net\/index.php\/wp-json\/wp\/v2\/comments?post=389"}],"version-history":[{"count":19,"href":"https:\/\/cacis-asso.net\/index.php\/wp-json\/wp\/v2\/pages\/389\/revisions"}],"predecessor-version":[{"id":1444,"href":"https:\/\/cacis-asso.net\/index.php\/wp-json\/wp\/v2\/pages\/389\/revisions\/1444"}],"wp:featuredmedia":[{"embeddable":true,"href":"https:\/\/cacis-asso.net\/index.php\/wp-json\/wp\/v2\/media\/942"}],"wp:attachment":[{"href":"https:\/\/cacis-asso.net\/index.php\/wp-json\/wp\/v2\/media?parent=389"}],"curies":[{"name":"wp","href":"https:\/\/api.w.org\/{rel}","templated":true}]}}