{"id":378,"date":"2017-09-25T11:12:16","date_gmt":"2017-09-25T09:12:16","guid":{"rendered":"http:\/\/cacis-asso.net\/?page_id=378"},"modified":"2023-07-13T12:07:14","modified_gmt":"2023-07-13T10:07:14","slug":"limplant","status":"publish","type":"page","link":"https:\/\/cacis-asso.net\/index.php\/limplant\/","title":{"rendered":"L&rsquo;Implant"},"content":{"rendered":"<h1><span style=\"color: #d9117c;\">L\u2019implant c\u2019est pratique : impossible de l\u2019oublier !<\/span><\/h1>\n<p>Ce<strong> petit b\u00e2tonnet impr\u00e9gn\u00e9 d\u2019hormones<\/strong>, de la taille d\u2019une allumette est plac\u00e9 par un m\u00e9decin ou une sage-femme, dans le bras, juste sous la peau.<br \/>\nBien s\u00fbr, il est plac\u00e9 sous anesth\u00e9sie locale : comme \u00e7a, m\u00eame pas mal !<\/p>\n<p>Il peut \u00eatre retir\u00e9 par le\u00b7la m\u00e9decin ou une sage-femme \u00e0 tout moment, sinon il <strong>peut rester en place pendant 3 ans<\/strong>.<\/p>\n<h2><span style=\"color: #d9117c;\">O\u00f9 se le procurer ?<\/span><\/h2>\n<p>&#8211;\u00a0D\u00e9livr\u00e9 gratuitement aux mineures, par un\u00b7e m\u00e9decin ou une sage-femme dans un <a href=\"https:\/\/www.gironde.fr\/sante-sexualite\/mieux-vivre-sa-sexualite#centres-sante-sexuelle\" target=\"_blank\" rel=\"noopener\">centre de sant\u00e9 sexuelle<\/a> ou au C.A.C.I.S.<br \/>\n&#8211; A acheter dans une pharmacie sur ordonnance d&rsquo;un\u00b7e m\u00e9decin ou d&rsquo;une sage-femme. Pour les<em>\u00a0<strong>mineures d&rsquo;au moins 15 ans<\/strong>, la consultation, les examens\u00a0et le moyen de contraception sont<strong> gratuits et anonymes.\u00a0<\/strong>Il faut le demander \u00e0 son\u00b7sa m\u00e9decin. Pour en savoir plus, rendez-vous <a href=\"https:\/\/www.ameli.fr\/gironde\/pharmacien\/exercice-professionnel\/dispensation-prise-charge\/contraception\/delivrance-contraception#text_14030\" target=\"_blank\" rel=\"noopener\">ici<\/a> !<\/em><\/p>\n","protected":false},"excerpt":{"rendered":"<p>L\u2019implant c\u2019est pratique : impossible de l\u2019oublier ! Ce petit b\u00e2tonnet impr\u00e9gn\u00e9 d\u2019hormones, de la taille d\u2019une allumette est plac\u00e9 par un m\u00e9decin ou une sage-femme, dans le bras, juste sous la peau. Bien s\u00fbr, il est plac\u00e9 sous anesth\u00e9sie locale : comme \u00e7a, m\u00eame pas mal ! Il peut \u00eatre retir\u00e9 par le\u00b7la m\u00e9decin &hellip; <\/p>\n<p class=\"link-more\"><a href=\"https:\/\/cacis-asso.net\/index.php\/limplant\/\" class=\"more-link\">Continuer la lecture<span class=\"screen-reader-text\"> de &laquo;&nbsp;L&rsquo;Implant&nbsp;&raquo;<\/span><\/a><\/p>\n","protected":false},"author":1,"featured_media":935,"parent":0,"menu_order":0,"comment_status":"closed","ping_status":"closed","template":"","meta":{"footnotes":""},"class_list":["post-378","page","type-page","status-publish","has-post-thumbnail","hentry"],"jetpack_sharing_enabled":true,"_links":{"self":[{"href":"https:\/\/cacis-asso.net\/index.php\/wp-json\/wp\/v2\/pages\/378","targetHints":{"allow":["GET"]}}],"collection":[{"href":"https:\/\/cacis-asso.net\/index.php\/wp-json\/wp\/v2\/pages"}],"about":[{"href":"https:\/\/cacis-asso.net\/index.php\/wp-json\/wp\/v2\/types\/page"}],"author":[{"embeddable":true,"href":"https:\/\/cacis-asso.net\/index.php\/wp-json\/wp\/v2\/users\/1"}],"replies":[{"embeddable":true,"href":"https:\/\/cacis-asso.net\/index.php\/wp-json\/wp\/v2\/comments?post=378"}],"version-history":[{"count":17,"href":"https:\/\/cacis-asso.net\/index.php\/wp-json\/wp\/v2\/pages\/378\/revisions"}],"predecessor-version":[{"id":1455,"href":"https:\/\/cacis-asso.net\/index.php\/wp-json\/wp\/v2\/pages\/378\/revisions\/1455"}],"wp:featuredmedia":[{"embeddable":true,"href":"https:\/\/cacis-asso.net\/index.php\/wp-json\/wp\/v2\/media\/935"}],"wp:attachment":[{"href":"https:\/\/cacis-asso.net\/index.php\/wp-json\/wp\/v2\/media?parent=378"}],"curies":[{"name":"wp","href":"https:\/\/api.w.org\/{rel}","templated":true}]}}