{"id":373,"date":"2017-09-25T11:10:00","date_gmt":"2017-09-25T09:10:00","guid":{"rendered":"http:\/\/cacis-asso.net\/?page_id=373"},"modified":"2023-02-14T10:09:55","modified_gmt":"2023-02-14T09:09:55","slug":"le-patch","status":"publish","type":"page","link":"https:\/\/cacis-asso.net\/index.php\/le-patch\/","title":{"rendered":"Le Patch"},"content":{"rendered":"<h1><span style=\"color: #d9117c;\">Le patch, c\u2019est le plus collant des contraceptifs !<\/span><\/h1>\n<p>On adh\u00e8re ou pas \ud83d\ude09 ! C\u2019est <strong>un petit carr\u00e9 impr\u00e9gn\u00e9 d\u2019hormones de 4 cm de cot\u00e9 \u00e0 coller sur la peau<\/strong>. Un peu comme un patch anti-tabac&#8230;<\/p>\n<h2><span style=\"color: #d9117c;\">Comment l\u2019utiliser ?<\/span><\/h2>\n<p>Commencer le premier jour des r\u00e8gles.<br \/>\n<strong>1 patch par semaine pendant 3 semaines.<\/strong><br \/>\n<strong> La 4\u00e8me, on n\u2019en colle pas.<\/strong><br \/>\nEnsuite, on prend une nouvelle boite et on recommence.<\/p>\n<h2><span style=\"color: #d9117c;\">En pratique \u00e7a donne quoi ?<\/span><\/h2>\n<p>D\u00e8s le premier jour des r\u00e8gles il faut coller le 1er patch et le garder 7 jours<br \/>\nLe 8\u00e8me jour on l\u2019enl\u00e8ve et on colle le 2\u00e8me que l\u2019on garde \u00e0 nouveau 7 jours<br \/>\nLe 15\u00e8me jour on l\u2019enl\u00e8ve et on colle le 3\u00e8me que l\u2019on garde \u00e0 nouveau 7 jours<br \/>\nLe 22\u00e8me jour on l\u2019enl\u00e8ve, on n\u2019en colle pas pendant 7 jours<br \/>\nLe 29\u00e8me jour on prend une nouvelle boite, et on recommence<br \/>\nA vos calendriers !<\/p>\n<h2><span style=\"color: #d9117c;\">O\u00f9 se le procurer ?<\/span><\/h2>\n<p><span style=\"font-size: 1rem;\">&#8211; D\u00e9livr\u00e9 gratuitement aux mineures, par un m\u00e9decin\u00a0ou une sage-femme dans<\/span>\u00a0<a style=\"font-size: 1rem; box-shadow: rgba(0, 0, 0, 0) 0px 0px 0px inset, #000000 0px 3px 0px; color: #000000;\" href=\"https:\/\/www.gironde.fr\/sante-sexualite\/mieux-vivre-sa-sexualite#centres-sante-sexuelle\" target=\"_blank\" rel=\"noopener\">un centre de <\/a>sant\u00e9 sexuelle comme le<span style=\"font-size: 1rem;\">\u00a0C.A.C.I.S.<br \/>\n<\/span><span style=\"font-size: 1rem;\">&#8211; A ach<\/span><span style=\"font-size: 1rem;\">eter dans une pharmacie sur ordonnance d&rsquo;un m\u00e9decin ou d&rsquo;une sage-femme. Attention,\u00a0le patch n&rsquo;est pas rembours\u00e9 !\u00a0<\/span><\/p>\n","protected":false},"excerpt":{"rendered":"<p>Le patch, c\u2019est le plus collant des contraceptifs ! On adh\u00e8re ou pas \ud83d\ude09 ! C\u2019est un petit carr\u00e9 impr\u00e9gn\u00e9 d\u2019hormones de 4 cm de cot\u00e9 \u00e0 coller sur la peau. Un peu comme un patch anti-tabac&#8230; Comment l\u2019utiliser ? Commencer le premier jour des r\u00e8gles. 1 patch par semaine pendant 3 semaines. La 4\u00e8me, &hellip; <\/p>\n<p class=\"link-more\"><a href=\"https:\/\/cacis-asso.net\/index.php\/le-patch\/\" class=\"more-link\">Continuer la lecture<span class=\"screen-reader-text\"> de &laquo;&nbsp;Le Patch&nbsp;&raquo;<\/span><\/a><\/p>\n","protected":false},"author":1,"featured_media":941,"parent":0,"menu_order":0,"comment_status":"closed","ping_status":"closed","template":"","meta":{"footnotes":""},"class_list":["post-373","page","type-page","status-publish","has-post-thumbnail","hentry"],"jetpack_sharing_enabled":true,"_links":{"self":[{"href":"https:\/\/cacis-asso.net\/index.php\/wp-json\/wp\/v2\/pages\/373","targetHints":{"allow":["GET"]}}],"collection":[{"href":"https:\/\/cacis-asso.net\/index.php\/wp-json\/wp\/v2\/pages"}],"about":[{"href":"https:\/\/cacis-asso.net\/index.php\/wp-json\/wp\/v2\/types\/page"}],"author":[{"embeddable":true,"href":"https:\/\/cacis-asso.net\/index.php\/wp-json\/wp\/v2\/users\/1"}],"replies":[{"embeddable":true,"href":"https:\/\/cacis-asso.net\/index.php\/wp-json\/wp\/v2\/comments?post=373"}],"version-history":[{"count":14,"href":"https:\/\/cacis-asso.net\/index.php\/wp-json\/wp\/v2\/pages\/373\/revisions"}],"predecessor-version":[{"id":1364,"href":"https:\/\/cacis-asso.net\/index.php\/wp-json\/wp\/v2\/pages\/373\/revisions\/1364"}],"wp:featuredmedia":[{"embeddable":true,"href":"https:\/\/cacis-asso.net\/index.php\/wp-json\/wp\/v2\/media\/941"}],"wp:attachment":[{"href":"https:\/\/cacis-asso.net\/index.php\/wp-json\/wp\/v2\/media?parent=373"}],"curies":[{"name":"wp","href":"https:\/\/api.w.org\/{rel}","templated":true}]}}