{"id":368,"date":"2017-09-25T11:09:02","date_gmt":"2017-09-25T09:09:02","guid":{"rendered":"http:\/\/cacis-asso.net\/?page_id=368"},"modified":"2023-07-13T12:08:24","modified_gmt":"2023-07-13T10:08:24","slug":"le-sterilet","status":"publish","type":"page","link":"https:\/\/cacis-asso.net\/index.php\/le-sterilet\/","title":{"rendered":"Le St\u00e9rilet"},"content":{"rendered":"<h1><span style=\"color: #d9117c;\">Le st\u00e9rilet c\u2019est pratique : impossible de l\u2019oublier !<\/span><\/h1>\n<p>Ce petit objet, <span style=\"color: #000000;\"><strong>avec du cuivre ou avec des hormones<\/strong><\/span>, est plac\u00e9 par un\u00b7e m\u00e9decin ou une sage-femme, dans l\u2019ut\u00e9rus en quelques minutes. Il ne rend pas st\u00e9rile, c&rsquo;est pourquoi on lui pr\u00e9f\u00e8re souvent le nom de D.I.U. pour <strong>Dispositif Intra Ut\u00e9rin<\/strong>. Une fois pos\u00e9, la femme ne le sent pas, et son partenaire non plus lors des rapports !<\/p>\n<p>Et m\u00eame qu&rsquo;il n&rsquo;y a pas besoin d&rsquo;avoir d\u00e9j\u00e0 eu un enfant pour se faire poser un D.I.U.<\/p>\n<p>Il peut \u00eatre retir\u00e9, \u00e0 tout moment, par un\u00b7e m\u00e9decin ou une sage-femme, sinon il <strong>peut rester en place jusqu\u2019\u00e0 10 ans<\/strong>.<\/p>\n<h2><span style=\"color: #d9117c;\">O\u00f9 se le procurer ?<\/span><\/h2>\n<p>&#8211;\u00a0D\u00e9livr\u00e9 gratuitement aux mineures, par un\u00b7e m\u00e9decin ou une sage-femme dans un <a href=\"https:\/\/www.gironde.fr\/sante-sexualite\/mieux-vivre-sa-sexualite#centres-sante-sexuelle\" target=\"_blank\" rel=\"noopener\">centre de sant\u00e9 sexuelle<\/a> comme le <a href=\"https:\/\/cacis-asso.net\/index.php\/la-consultation-du-centre-de-planification-et-deducation-familiale\/\" target=\"_blank\" rel=\"noopener\">C.A.C.I.S.<\/a><br \/>\n&#8211; A acheter dans une pharmacie sur ordonnance d&rsquo;un\u00b7e m\u00e9decin ou d&rsquo;une sage-femme. Pour les<em>\u00a0<strong>mineures d&rsquo;au moins 15 ans<\/strong>, la consultation, les examens\u00a0et le moyen de contraception sont<strong> gratuits et anonymes.\u00a0<\/strong>Il faut le demander \u00e0 son\u00b7sa m\u00e9decin. Pour en savoir plus, rendez-vous <a href=\"https:\/\/www.ameli.fr\/gironde\/pharmacien\/exercice-professionnel\/dispensation-prise-charge\/contraception\/delivrance-contraception#text_14030\">ici<\/a> !<\/em><\/p>\n","protected":false},"excerpt":{"rendered":"<p>Le st\u00e9rilet c\u2019est pratique : impossible de l\u2019oublier ! Ce petit objet, avec du cuivre ou avec des hormones, est plac\u00e9 par un\u00b7e m\u00e9decin ou une sage-femme, dans l\u2019ut\u00e9rus en quelques minutes. Il ne rend pas st\u00e9rile, c&rsquo;est pourquoi on lui pr\u00e9f\u00e8re souvent le nom de D.I.U. pour Dispositif Intra Ut\u00e9rin. Une fois pos\u00e9, la &hellip; <\/p>\n<p class=\"link-more\"><a href=\"https:\/\/cacis-asso.net\/index.php\/le-sterilet\/\" class=\"more-link\">Continuer la lecture<span class=\"screen-reader-text\"> de &laquo;&nbsp;Le St\u00e9rilet&nbsp;&raquo;<\/span><\/a><\/p>\n","protected":false},"author":1,"featured_media":948,"parent":0,"menu_order":0,"comment_status":"closed","ping_status":"closed","template":"","meta":{"footnotes":""},"class_list":["post-368","page","type-page","status-publish","has-post-thumbnail","hentry"],"jetpack_sharing_enabled":true,"_links":{"self":[{"href":"https:\/\/cacis-asso.net\/index.php\/wp-json\/wp\/v2\/pages\/368","targetHints":{"allow":["GET"]}}],"collection":[{"href":"https:\/\/cacis-asso.net\/index.php\/wp-json\/wp\/v2\/pages"}],"about":[{"href":"https:\/\/cacis-asso.net\/index.php\/wp-json\/wp\/v2\/types\/page"}],"author":[{"embeddable":true,"href":"https:\/\/cacis-asso.net\/index.php\/wp-json\/wp\/v2\/users\/1"}],"replies":[{"embeddable":true,"href":"https:\/\/cacis-asso.net\/index.php\/wp-json\/wp\/v2\/comments?post=368"}],"version-history":[{"count":12,"href":"https:\/\/cacis-asso.net\/index.php\/wp-json\/wp\/v2\/pages\/368\/revisions"}],"predecessor-version":[{"id":1456,"href":"https:\/\/cacis-asso.net\/index.php\/wp-json\/wp\/v2\/pages\/368\/revisions\/1456"}],"wp:featuredmedia":[{"embeddable":true,"href":"https:\/\/cacis-asso.net\/index.php\/wp-json\/wp\/v2\/media\/948"}],"wp:attachment":[{"href":"https:\/\/cacis-asso.net\/index.php\/wp-json\/wp\/v2\/media?parent=368"}],"curies":[{"name":"wp","href":"https:\/\/api.w.org\/{rel}","templated":true}]}}