{"id":363,"date":"2017-09-25T11:07:27","date_gmt":"2017-09-25T09:07:27","guid":{"rendered":"http:\/\/cacis-asso.net\/?page_id=363"},"modified":"2023-02-14T11:14:22","modified_gmt":"2023-02-14T10:14:22","slug":"les-preservatifs","status":"publish","type":"page","link":"https:\/\/cacis-asso.net\/index.php\/les-preservatifs\/","title":{"rendered":"Les Pr\u00e9servatifs"},"content":{"rendered":"<h1><span style=\"color: #d9117c;\">Les pr\u00e9servatifs<\/span><\/h1>\n<p>C&rsquo;est le seul moyen de contraception qui <strong>existe pour les filles et les gar\u00e7ons<\/strong>. Les pr\u00e9servatifs sont les supers champions de la protection !<br \/>\n<strong><span style=\"color: #000000;\">Ils \u00e9vitent les grossesses et prot\u00e8gent des infections et maladies sexuellement transmissibles (M.S.T. ou I.S.T.).<\/span><\/strong><\/p>\n<h2><span style=\"color: #d9117c;\">O\u00f9 se les procurer ?<\/span><\/h2>\n<p>&#8211; D\u00e9livr\u00e9s gratuitement dans un <a href=\"https:\/\/www.gironde.fr\/sante-sexualite\/mieux-vivre-sa-sexualite#centres-sante-sexuelle\" target=\"_blank\" rel=\"noopener\">centre de sant\u00e9 sexuelle<\/a>, au C.A.C.I.S. par exemple<br \/>\n<span style=\"font-size: 1rem;\">&#8211; Depuis le 1er janvier 2023 les pr\u00e9servatifs masculins sont d\u00e9livr\u00e9s <a href=\"https:\/\/www.ameli.fr\/gironde\/assure\/sante\/themes\/contraception\/methodes-contraception-barrieres\" target=\"_blank\" rel=\"noopener\">gratuitement en pharmacie pour les moins de 26 ans<\/a>.\u00a0 Pour les plus de 26 ans gratuitement sur prescription d&rsquo;un m\u00e9decin ou d&rsquo;une sage-femme.<br \/>\n&#8211; le pr\u00e9servatif f\u00e9minin n&rsquo;est pas pris en charge mais il peut aussi \u00eatre obtenu sans ordonnance en pharmacie<\/span><\/p>\n<p>L&rsquo;<a href=\"https:\/\/www.youtube.com\/user\/siumpsbordeaux\">Espace Sant\u00e9 \u00c9tudiants de Bordeaux<\/a> a r\u00e9alis\u00e9 deux tutos pour apprendre \u00e0 s&rsquo;en servir, jettes-y un oeil !<\/p>\n<figure class=\"wp-block-embed wp-block-embed-youtube is-type-video is-provider-youtube epyt-figure\"><div class=\"wp-block-embed__wrapper\"><iframe loading=\"lazy\"  id=\"_ytid_57528\"  width=\"525\" height=\"295\"  data-origwidth=\"525\" data-origheight=\"295\" src=\"https:\/\/www.youtube.com\/embed\/MGmubia2MD0?enablejsapi=1&autoplay=0&cc_load_policy=0&cc_lang_pref=&iv_load_policy=1&loop=0&rel=1&fs=1&playsinline=0&autohide=2&theme=dark&color=red&controls=1&disablekb=0&\" class=\"__youtube_prefs__  no-lazyload\" title=\"YouTube player\"  allow=\"fullscreen; accelerometer; autoplay; clipboard-write; encrypted-media; gyroscope; picture-in-picture; web-share\" referrerpolicy=\"strict-origin-when-cross-origin\" allowfullscreen data-no-lazy=\"1\" data-skipgform_ajax_framebjll=\"\"><\/iframe><\/div><\/figure>\n<figure class=\"wp-block-embed wp-block-embed-youtube is-type-video is-provider-youtube epyt-figure\"><div class=\"wp-block-embed__wrapper\"><iframe loading=\"lazy\"  id=\"_ytid_83050\"  width=\"525\" height=\"295\"  data-origwidth=\"525\" data-origheight=\"295\" src=\"https:\/\/www.youtube.com\/embed\/RXvjjAE0Lmk?enablejsapi=1&autoplay=0&cc_load_policy=0&cc_lang_pref=&iv_load_policy=1&loop=0&rel=1&fs=1&playsinline=0&autohide=2&theme=dark&color=red&controls=1&disablekb=0&\" class=\"__youtube_prefs__  no-lazyload\" title=\"YouTube player\"  allow=\"fullscreen; accelerometer; autoplay; clipboard-write; encrypted-media; gyroscope; picture-in-picture; web-share\" referrerpolicy=\"strict-origin-when-cross-origin\" allowfullscreen data-no-lazy=\"1\" data-skipgform_ajax_framebjll=\"\"><\/iframe><\/div><\/figure>\n","protected":false},"excerpt":{"rendered":"<p>Les pr\u00e9servatifs C&rsquo;est le seul moyen de contraception qui existe pour les filles et les gar\u00e7ons. Les pr\u00e9servatifs sont les supers champions de la protection ! Ils \u00e9vitent les grossesses et prot\u00e8gent des infections et maladies sexuellement transmissibles (M.S.T. ou I.S.T.). O\u00f9 se les procurer ? &#8211; D\u00e9livr\u00e9s gratuitement dans un centre de sant\u00e9 sexuelle, &hellip; <\/p>\n<p class=\"link-more\"><a href=\"https:\/\/cacis-asso.net\/index.php\/les-preservatifs\/\" class=\"more-link\">Continuer la lecture<span class=\"screen-reader-text\"> de &laquo;&nbsp;Les Pr\u00e9servatifs&nbsp;&raquo;<\/span><\/a><\/p>\n","protected":false},"author":1,"featured_media":944,"parent":0,"menu_order":0,"comment_status":"closed","ping_status":"closed","template":"","meta":{"footnotes":""},"class_list":["post-363","page","type-page","status-publish","has-post-thumbnail","hentry"],"jetpack_sharing_enabled":true,"_links":{"self":[{"href":"https:\/\/cacis-asso.net\/index.php\/wp-json\/wp\/v2\/pages\/363","targetHints":{"allow":["GET"]}}],"collection":[{"href":"https:\/\/cacis-asso.net\/index.php\/wp-json\/wp\/v2\/pages"}],"about":[{"href":"https:\/\/cacis-asso.net\/index.php\/wp-json\/wp\/v2\/types\/page"}],"author":[{"embeddable":true,"href":"https:\/\/cacis-asso.net\/index.php\/wp-json\/wp\/v2\/users\/1"}],"replies":[{"embeddable":true,"href":"https:\/\/cacis-asso.net\/index.php\/wp-json\/wp\/v2\/comments?post=363"}],"version-history":[{"count":19,"href":"https:\/\/cacis-asso.net\/index.php\/wp-json\/wp\/v2\/pages\/363\/revisions"}],"predecessor-version":[{"id":1377,"href":"https:\/\/cacis-asso.net\/index.php\/wp-json\/wp\/v2\/pages\/363\/revisions\/1377"}],"wp:featuredmedia":[{"embeddable":true,"href":"https:\/\/cacis-asso.net\/index.php\/wp-json\/wp\/v2\/media\/944"}],"wp:attachment":[{"href":"https:\/\/cacis-asso.net\/index.php\/wp-json\/wp\/v2\/media?parent=363"}],"curies":[{"name":"wp","href":"https:\/\/api.w.org\/{rel}","templated":true}]}}