{"id":358,"date":"2017-09-25T11:03:36","date_gmt":"2017-09-25T09:03:36","guid":{"rendered":"http:\/\/cacis-asso.net\/?page_id=358"},"modified":"2023-07-13T13:31:05","modified_gmt":"2023-07-13T11:31:05","slug":"ivg","status":"publish","type":"page","link":"https:\/\/cacis-asso.net\/index.php\/ivg\/","title":{"rendered":"L&rsquo;I.V.G."},"content":{"rendered":"<h1><span style=\"color: #9e069e;\">L&rsquo;I.V.G.<\/span><\/h1>\n<p>En France, la loi permet aux femmes, aux jeunes filles mineures d<strong>\u2019Interrompre Volontairement une Grossesse<\/strong> (I.V.G.) sous certaines conditions (une plaquette r\u00e9cap <a href=\"https:\/\/ivg.gouv.fr\/sites\/ivg\/files\/2022-11\/IVG%20Guide%20complet.pdf\" target=\"_blank\" rel=\"noopener\">ici<\/a>)<\/p>\n<h2><span style=\"color: #9e069e;\">Les d\u00e9lais<\/span><\/h2>\n<p>L\u2019I.V.G. doit \u00eatre pratiqu\u00e9e <strong>avant la fin de la 14\u00e8me semaine de grossesse<\/strong> soit avant la fin de la 16\u00e8me semaine d\u2019absence de r\u00e8gles.<\/p>\n<h2><span style=\"color: #9e069e;\">Les d\u00e9marches<\/span><\/h2>\n<p>Pour aider dans ces d\u00e9marches il est possible de rencontrer des professionnel\u00b7le\u00b7s \u00e0 l\u2019h\u00f4pital dans un service d\u2019I.V.G., dans un <a href=\"https:\/\/www.gironde.fr\/sante-sexualite\/mieux-vivre-sa-sexualite#ivg\" target=\"_blank\" rel=\"noopener\">centre de planification<\/a> ou au C.A.C.I.S.<\/p>\n<h2><span style=\"color: #9e069e;\">Les m\u00e9thodes<\/span><\/h2>\n<p>Il existe deux m\u00e9thodes d\u2019I.V.G. :<br \/>\n&#8211; La <strong>m\u00e9thode m\u00e9dicamenteuse<\/strong> : au C.A.C.I.S., nous pratiquons l&rsquo;I.V.G. m\u00e9dicamenteuse jusqu&rsquo;\u00e0 7 semaines de grossesse.<br \/>\n&#8211; La<strong> m\u00e9thode chirurgicale<\/strong> (ou instrumentale) : pratiqu\u00e9e par un\u00b7e m\u00e9decin dans un \u00e9tablissement de sant\u00e9 ou un centre de sant\u00e9 autoris\u00e9, Le choix de la m\u00e9thode se fait avec le\u00b7la m\u00e9decin.<\/p>\n<h2><span style=\"color: #9e069e;\">Pour les mineures<\/span><\/h2>\n<p>Il faut obligatoirement un entretien pr\u00e9alable \u00e0 l\u2019intervention avec une conseill\u00e8re conjugale.<br \/>\nL\u2019autorisation parentale est la r\u00e8gle. Cependant, si la jeune fille souhaite garder le secret, ou si cette autorisation ne peut \u00eatre obtenue, <strong>une personne majeure de son choix<\/strong> peut l\u2019accompagner dans ses d\u00e9marches. Le\u00a0C.A.C.I.S. peut accompagner les mineures dans ces d\u00e9marches.<\/p>\n<p>Pour en savoir plus, n&rsquo;h\u00e9site pas \u00e0 te rendre sur le <a href=\"https:\/\/ivg.gouv.fr\/\" target=\"_blank\" rel=\"noopener\">site officiel<\/a> de l&rsquo;I.V.G. en France.<\/p>\n","protected":false},"excerpt":{"rendered":"<p>L&rsquo;I.V.G. En France, la loi permet aux femmes, aux jeunes filles mineures d\u2019Interrompre Volontairement une Grossesse (I.V.G.) sous certaines conditions (une plaquette r\u00e9cap ici) Les d\u00e9lais L\u2019I.V.G. doit \u00eatre pratiqu\u00e9e avant la fin de la 14\u00e8me semaine de grossesse soit avant la fin de la 16\u00e8me semaine d\u2019absence de r\u00e8gles. Les d\u00e9marches Pour aider dans &hellip; <\/p>\n<p class=\"link-more\"><a href=\"https:\/\/cacis-asso.net\/index.php\/ivg\/\" class=\"more-link\">Continuer la lecture<span class=\"screen-reader-text\"> de &laquo;&nbsp;L&rsquo;I.V.G.&nbsp;&raquo;<\/span><\/a><\/p>\n","protected":false},"author":1,"featured_media":934,"parent":0,"menu_order":0,"comment_status":"closed","ping_status":"closed","template":"","meta":{"footnotes":""},"class_list":["post-358","page","type-page","status-publish","has-post-thumbnail","hentry"],"jetpack_sharing_enabled":true,"_links":{"self":[{"href":"https:\/\/cacis-asso.net\/index.php\/wp-json\/wp\/v2\/pages\/358","targetHints":{"allow":["GET"]}}],"collection":[{"href":"https:\/\/cacis-asso.net\/index.php\/wp-json\/wp\/v2\/pages"}],"about":[{"href":"https:\/\/cacis-asso.net\/index.php\/wp-json\/wp\/v2\/types\/page"}],"author":[{"embeddable":true,"href":"https:\/\/cacis-asso.net\/index.php\/wp-json\/wp\/v2\/users\/1"}],"replies":[{"embeddable":true,"href":"https:\/\/cacis-asso.net\/index.php\/wp-json\/wp\/v2\/comments?post=358"}],"version-history":[{"count":20,"href":"https:\/\/cacis-asso.net\/index.php\/wp-json\/wp\/v2\/pages\/358\/revisions"}],"predecessor-version":[{"id":1459,"href":"https:\/\/cacis-asso.net\/index.php\/wp-json\/wp\/v2\/pages\/358\/revisions\/1459"}],"wp:featuredmedia":[{"embeddable":true,"href":"https:\/\/cacis-asso.net\/index.php\/wp-json\/wp\/v2\/media\/934"}],"wp:attachment":[{"href":"https:\/\/cacis-asso.net\/index.php\/wp-json\/wp\/v2\/media?parent=358"}],"curies":[{"name":"wp","href":"https:\/\/api.w.org\/{rel}","templated":true}]}}