{"id":329,"date":"2017-09-22T23:35:54","date_gmt":"2017-09-22T21:35:54","guid":{"rendered":"http:\/\/cacis-asso.net\/?page_id=329"},"modified":"2023-02-14T10:22:08","modified_gmt":"2023-02-14T09:22:08","slug":"les-maladies","status":"publish","type":"page","link":"https:\/\/cacis-asso.net\/index.php\/les-maladies\/","title":{"rendered":"Les Maladies"},"content":{"rendered":"<h1><span style=\"color: #18b5b5;\">Les maladies<\/span><\/h1>\n<p>Il peut arriver que l\u2019on ressente, <strong>au niveau des organes g\u00e9nitaux<\/strong>, des d\u00e9mangeaisons, des br\u00fblures ou que l\u2019on constate des \u00e9coulements inhabituels.<\/p>\n<p>Ces signes peuvent signifier que l\u2019on a une <strong>infection<\/strong> li\u00e9e \u00e0 un champignon, \u00e0 une bact\u00e9rie ou \u00e0 un virus.<\/p>\n<p><strong>Dans la grande majorit\u00e9 des cas, ces infections ne sont pas graves, ne se transmettent pas et se soignent tr\u00e8s bien.<\/strong><\/p>\n<p>Cependant, les relations sexuelles peuvent parfois comporter des risques plus graves: risques li\u00e9s aux <strong>infections sexuellement transmissibles<\/strong> (I.S.T.), risque de contamination par le <strong>virus du S.I.D.A.<\/strong> (V.I.H.).<\/p>\n<p>Pour en savoir plus concernant ces maladies, tu peux contacter le C.A.C.I.S. ou te rendre sur ce <a href=\"https:\/\/www.santepubliquefrance.fr\/maladies-et-traumatismes\/infections-sexuellement-transmissibles\" target=\"_blank\" rel=\"noopener\">site<\/a> !<\/p>\n","protected":false},"excerpt":{"rendered":"<p>Les maladies Il peut arriver que l\u2019on ressente, au niveau des organes g\u00e9nitaux, des d\u00e9mangeaisons, des br\u00fblures ou que l\u2019on constate des \u00e9coulements inhabituels. Ces signes peuvent signifier que l\u2019on a une infection li\u00e9e \u00e0 un champignon, \u00e0 une bact\u00e9rie ou \u00e0 un virus. Dans la grande majorit\u00e9 des cas, ces infections ne sont pas &hellip; <\/p>\n<p class=\"link-more\"><a href=\"https:\/\/cacis-asso.net\/index.php\/les-maladies\/\" class=\"more-link\">Continuer la lecture<span class=\"screen-reader-text\"> de &laquo;&nbsp;Les Maladies&nbsp;&raquo;<\/span><\/a><\/p>\n","protected":false},"author":1,"featured_media":938,"parent":0,"menu_order":0,"comment_status":"closed","ping_status":"closed","template":"","meta":{"footnotes":""},"class_list":["post-329","page","type-page","status-publish","has-post-thumbnail","hentry"],"jetpack_sharing_enabled":true,"_links":{"self":[{"href":"https:\/\/cacis-asso.net\/index.php\/wp-json\/wp\/v2\/pages\/329","targetHints":{"allow":["GET"]}}],"collection":[{"href":"https:\/\/cacis-asso.net\/index.php\/wp-json\/wp\/v2\/pages"}],"about":[{"href":"https:\/\/cacis-asso.net\/index.php\/wp-json\/wp\/v2\/types\/page"}],"author":[{"embeddable":true,"href":"https:\/\/cacis-asso.net\/index.php\/wp-json\/wp\/v2\/users\/1"}],"replies":[{"embeddable":true,"href":"https:\/\/cacis-asso.net\/index.php\/wp-json\/wp\/v2\/comments?post=329"}],"version-history":[{"count":9,"href":"https:\/\/cacis-asso.net\/index.php\/wp-json\/wp\/v2\/pages\/329\/revisions"}],"predecessor-version":[{"id":1372,"href":"https:\/\/cacis-asso.net\/index.php\/wp-json\/wp\/v2\/pages\/329\/revisions\/1372"}],"wp:featuredmedia":[{"embeddable":true,"href":"https:\/\/cacis-asso.net\/index.php\/wp-json\/wp\/v2\/media\/938"}],"wp:attachment":[{"href":"https:\/\/cacis-asso.net\/index.php\/wp-json\/wp\/v2\/media?parent=329"}],"curies":[{"name":"wp","href":"https:\/\/api.w.org\/{rel}","templated":true}]}}