{"id":325,"date":"2017-09-22T23:31:51","date_gmt":"2017-09-22T21:31:51","guid":{"rendered":"http:\/\/cacis-asso.net\/?page_id=325"},"modified":"2018-01-08T09:50:43","modified_gmt":"2018-01-08T08:50:43","slug":"grossesse-pilule-du-lendemain-et-i-v-g","status":"publish","type":"page","link":"https:\/\/cacis-asso.net\/index.php\/grossesse-pilule-du-lendemain-et-i-v-g\/","title":{"rendered":"Grossesse"},"content":{"rendered":"<h1><span style=\"color: #9e069e;\">\u00a0La grossesse<\/span><\/h1>\n<p>Ce sont <strong>neuf mois<\/strong> de la vie d\u2019une femme qui correspondent au d\u00e9veloppement d\u2019un b\u00e9b\u00e9 dans son corps. Elle d\u00e9bute par la f\u00e9condation et se termine par l\u2019accouchement.<br \/>\nS\u2019il y a eu des rapports sexuels sans contraception une grossesse peut survenir.<\/p>\n","protected":false},"excerpt":{"rendered":"<p>\u00a0La grossesse Ce sont neuf mois de la vie d\u2019une femme qui correspondent au d\u00e9veloppement d\u2019un b\u00e9b\u00e9 dans son corps. Elle d\u00e9bute par la f\u00e9condation et se termine par l\u2019accouchement. S\u2019il y a eu des rapports sexuels sans contraception une grossesse peut survenir.<\/p>\n","protected":false},"author":1,"featured_media":928,"parent":0,"menu_order":0,"comment_status":"closed","ping_status":"closed","template":"","meta":{"footnotes":""},"class_list":["post-325","page","type-page","status-publish","has-post-thumbnail","hentry"],"jetpack_sharing_enabled":true,"_links":{"self":[{"href":"https:\/\/cacis-asso.net\/index.php\/wp-json\/wp\/v2\/pages\/325","targetHints":{"allow":["GET"]}}],"collection":[{"href":"https:\/\/cacis-asso.net\/index.php\/wp-json\/wp\/v2\/pages"}],"about":[{"href":"https:\/\/cacis-asso.net\/index.php\/wp-json\/wp\/v2\/types\/page"}],"author":[{"embeddable":true,"href":"https:\/\/cacis-asso.net\/index.php\/wp-json\/wp\/v2\/users\/1"}],"replies":[{"embeddable":true,"href":"https:\/\/cacis-asso.net\/index.php\/wp-json\/wp\/v2\/comments?post=325"}],"version-history":[{"count":6,"href":"https:\/\/cacis-asso.net\/index.php\/wp-json\/wp\/v2\/pages\/325\/revisions"}],"predecessor-version":[{"id":713,"href":"https:\/\/cacis-asso.net\/index.php\/wp-json\/wp\/v2\/pages\/325\/revisions\/713"}],"wp:featuredmedia":[{"embeddable":true,"href":"https:\/\/cacis-asso.net\/index.php\/wp-json\/wp\/v2\/media\/928"}],"wp:attachment":[{"href":"https:\/\/cacis-asso.net\/index.php\/wp-json\/wp\/v2\/media?parent=325"}],"curies":[{"name":"wp","href":"https:\/\/api.w.org\/{rel}","templated":true}]}}