{"id":228,"date":"2017-09-19T10:51:54","date_gmt":"2017-09-19T08:51:54","guid":{"rendered":"http:\/\/cacis-asso.net\/?page_id=228"},"modified":"2023-07-13T10:04:08","modified_gmt":"2023-07-13T08:04:08","slug":"contraception","status":"publish","type":"page","link":"https:\/\/cacis-asso.net\/index.php\/contraception\/","title":{"rendered":"Contraception"},"content":{"rendered":"<h1><span style=\"color: #e30e83;\">Qu\u2019est-ce que la contraception\u00a0?<\/span><\/h1>\n<p>La contraception, <strong>c\u2019est l\u2019ensemble des moyens qui permettent \u00e0 un homme et une femme d\u2019avoir des relations sexuelles en \u00e9vitant une grossesse.<\/strong><\/p>\n<p>Il y a plusieurs moyens de contraception possibles, pour chaque personne et pour chaque situation.<\/p>\n<p><strong>Tous les moyens de contraception, qui sont pr\u00e9sent\u00e9s sur le site, sont disponibles au C.A.C.I.S.\u00a0<\/strong><br \/>\nExcept\u00e9 le pr\u00e9servatif, ils n\u00e9cessitent une consultation m\u00e9dicale avec un\u00b7e m\u00e9decin ou une sage-femme de l\u2019\u00e9quipe.<br \/>\nLors de la premi\u00e8re consultation pour une contraception, l\u2019examen gyn\u00e9cologique n\u2019est pas obligatoire. Si le moyen de contraception choisi n\u00e9cessite un examen, il pourra \u00eatre programm\u00e9 pour une prochaine fois.<\/p>\n<p><strong>Les pr\u00e9servatifs sont gratuits pour tous et toutes au C.A.C.I.S. ainsi qu&rsquo;en pharmacie pour les moins de 26 ans.<\/strong><\/p>\n<p>Tous les autres contraceptifs, m\u00eame masculins, peuvent \u00eatre discut\u00e9s avec les professionnel\u00b7les du C.A.C.I.S. Selon le mode choisi, il peut \u00eatre donn\u00e9 par les professionnel\u00b7les du C.A.C.I.S.<\/p>\n<p>Pour savoir comment \u00e7a se passe, rendez-vous sur cette <a href=\"http:\/\/cacis-asso.net\/index.php\/la-consultation-du-centre-de-planification-et-deducation-familiale\/\" target=\"_blank\" rel=\"noopener\">page<\/a> !<\/p>\n<p style=\"text-align: center;\">Pour en savoir plus, n&rsquo;h\u00e9site pas \u00e0 te rendre sur ce site !<a href=\"http:\/\/www.choisirsacontraception.fr\/\" target=\"_blank\" rel=\"noopener\"><img loading=\"lazy\" decoding=\"async\" class=\"aligncenter wp-image-471 size-medium\" src=\"http:\/\/cacis-asso.net\/wp-content\/uploads\/2017\/09\/choisirsacontraception-300x137.jpg\" alt=\"\" width=\"300\" height=\"137\" srcset=\"https:\/\/cacis-asso.net\/wp-content\/uploads\/2017\/09\/choisirsacontraception-300x137.jpg 300w, https:\/\/cacis-asso.net\/wp-content\/uploads\/2017\/09\/choisirsacontraception.jpg 590w\" sizes=\"auto, (max-width: 300px) 100vw, 300px\" \/><\/a><\/p>\n","protected":false},"excerpt":{"rendered":"<p>Qu\u2019est-ce que la contraception\u00a0? La contraception, c\u2019est l\u2019ensemble des moyens qui permettent \u00e0 un homme et une femme d\u2019avoir des relations sexuelles en \u00e9vitant une grossesse. Il y a plusieurs moyens de contraception possibles, pour chaque personne et pour chaque situation. Tous les moyens de contraception, qui sont pr\u00e9sent\u00e9s sur le site, sont disponibles au &hellip; <\/p>\n<p class=\"link-more\"><a href=\"https:\/\/cacis-asso.net\/index.php\/contraception\/\" class=\"more-link\">Continuer la lecture<span class=\"screen-reader-text\"> de &laquo;&nbsp;Contraception&nbsp;&raquo;<\/span><\/a><\/p>\n","protected":false},"author":1,"featured_media":931,"parent":0,"menu_order":0,"comment_status":"closed","ping_status":"closed","template":"","meta":{"footnotes":""},"class_list":["post-228","page","type-page","status-publish","has-post-thumbnail","hentry"],"jetpack_sharing_enabled":true,"_links":{"self":[{"href":"https:\/\/cacis-asso.net\/index.php\/wp-json\/wp\/v2\/pages\/228","targetHints":{"allow":["GET"]}}],"collection":[{"href":"https:\/\/cacis-asso.net\/index.php\/wp-json\/wp\/v2\/pages"}],"about":[{"href":"https:\/\/cacis-asso.net\/index.php\/wp-json\/wp\/v2\/types\/page"}],"author":[{"embeddable":true,"href":"https:\/\/cacis-asso.net\/index.php\/wp-json\/wp\/v2\/users\/1"}],"replies":[{"embeddable":true,"href":"https:\/\/cacis-asso.net\/index.php\/wp-json\/wp\/v2\/comments?post=228"}],"version-history":[{"count":21,"href":"https:\/\/cacis-asso.net\/index.php\/wp-json\/wp\/v2\/pages\/228\/revisions"}],"predecessor-version":[{"id":1442,"href":"https:\/\/cacis-asso.net\/index.php\/wp-json\/wp\/v2\/pages\/228\/revisions\/1442"}],"wp:featuredmedia":[{"embeddable":true,"href":"https:\/\/cacis-asso.net\/index.php\/wp-json\/wp\/v2\/media\/931"}],"wp:attachment":[{"href":"https:\/\/cacis-asso.net\/index.php\/wp-json\/wp\/v2\/media?parent=228"}],"curies":[{"name":"wp","href":"https:\/\/api.w.org\/{rel}","templated":true}]}}