{"id":225,"date":"2017-09-19T10:50:41","date_gmt":"2017-09-19T08:50:41","guid":{"rendered":"http:\/\/cacis-asso.net\/?page_id=225"},"modified":"2023-02-14T14:51:09","modified_gmt":"2023-02-14T13:51:09","slug":"ladolescence","status":"publish","type":"page","link":"https:\/\/cacis-asso.net\/index.php\/ladolescence\/","title":{"rendered":"Adolescence"},"content":{"rendered":"<div class=\"paragraphs\">\n<h1 class=\"paragraph ng-scope\"><span style=\"color: #99cc00;\">L&rsquo;adolescence<\/span><\/h1>\n<h2 class=\"title ng-binding\"><span style=\"color: #99cc00;\">Le temps des questions<\/span><\/h2>\n<div class=\"text ng-binding\">\n<p><strong>C\u2019est toujours troublant de se voir changer.<\/strong> Cela soul\u00e8ve toutes sortes de questions simples, compliqu\u00e9es, parfois angoissantes, toujours importantes. <strong>Des questions<\/strong> qui touchent \u00e0 l\u2019identit\u00e9, au corps, \u00e0 la relation \u00e0 l\u2019autre, aux \u00e9motions, aux pens\u00e9es nouvelles, \u00e0 la sexualit\u00e9 et \u00e0 l\u2019amour. L\u2019adolescence est une p\u00e9riode de recherche, de d\u00e9couvertes, d\u2019essais, d\u2019erreurs et de remises en question. <a href=\"http:\/\/www.onsexprime.fr\/extension\/onsexprime\/tools\/app-QA\/app\/index.html#!\/\" target=\"_blank\" rel=\"noopener\">Cette brochure<\/a> propose des pistes de r\u00e9ponses et des \u00e9l\u00e9ments de r\u00e9flexion pour combattre les id\u00e9es re\u00e7ues et les pr\u00e9jug\u00e9s, qui sont souvent source de souffrance pour soi-m\u00eame et les autres.<\/p>\n<\/div>\n<div><\/div>\n<div class=\"paragraph ng-scope\">\n<h2 class=\"title ng-binding\"><span style=\"color: #99cc00;\">Le temps des relations affectives et sexuelles<\/span><\/h2>\n<div class=\"text ng-binding\">\n<p><strong>Quand le corps se transforme, c\u2019est aussi dans la t\u00eate que des changements s\u2019op\u00e8rent.<\/strong> Indiff\u00e9rence ou agressivit\u00e9, ennui g\u00e9n\u00e9ralis\u00e9 ou passions soudaines, r\u00e9volte ou passivit\u00e9.<br \/>\n<span style=\"font-size: revert;\">Les humeurs et les envies changent au rythme o\u00f9 l\u2019on se cherche. Se sentir grandir donne envie de tout conna\u00eetre, de se d\u00e9passer et parfois de prendre des risques. En amiti\u00e9 et en amour, engager son corps et\/ou son c\u0153ur dans une relation, c\u2019est peut-\u00eatre s\u2019exposer affectivement et physiquement, et aussi \u00e9prouver du bonheur et\/ou de la souffrance. Mieux comprendre ses d\u00e9sirs peut aider \u00e0 s\u2019accepter tel que l\u2019on est, \u00e0 savoir dire oui ou \u00e0 savoir dire non \u00e0 l\u2019autre. L\u2019attention, l\u2019\u00e9coute et le respect mutuel aident \u00e0 d\u00e9couvrir l\u2019autre et \u00e0 se conna\u00eetre soi-m\u00eame.<\/span><\/p>\n<\/div>\n<\/div>\n<\/div>\n<div><\/div>\n<p><span style=\"color: #999999;\"><em>Texte emprunt\u00e9 au livret \u00ab\u00a0<a href=\"http:\/\/www.onsexprime.fr\/extension\/onsexprime\/tools\/app-QA\/app\/index.html#!\/\" target=\"_blank\" rel=\"noopener\"><span style=\"color: #999999;\">Questions d&rsquo;ados<\/span><\/a>\u00a0\u00bb du site <a href=\"http:\/\/www.onsexprime.fr\/\" target=\"_blank\" rel=\"noopener\"><span style=\"color: #999999;\">Onsexprime.fr<\/span><\/a><\/em><\/span><\/p>\n<p><strong>Pour r\u00e9pondre \u00e0 tes questions concernant l&rsquo;adolescence, n&rsquo;h\u00e9site pas \u00e0 contacter le C.A.C.I.S. !<\/strong><\/p>\n","protected":false},"excerpt":{"rendered":"<p>L&rsquo;adolescence Le temps des questions C\u2019est toujours troublant de se voir changer. Cela soul\u00e8ve toutes sortes de questions simples, compliqu\u00e9es, parfois angoissantes, toujours importantes. Des questions qui touchent \u00e0 l\u2019identit\u00e9, au corps, \u00e0 la relation \u00e0 l\u2019autre, aux \u00e9motions, aux pens\u00e9es nouvelles, \u00e0 la sexualit\u00e9 et \u00e0 l\u2019amour. L\u2019adolescence est une p\u00e9riode de recherche, de &hellip; <\/p>\n<p class=\"link-more\"><a href=\"https:\/\/cacis-asso.net\/index.php\/ladolescence\/\" class=\"more-link\">Continuer la lecture<span class=\"screen-reader-text\"> de &laquo;&nbsp;Adolescence&nbsp;&raquo;<\/span><\/a><\/p>\n","protected":false},"author":1,"featured_media":953,"parent":0,"menu_order":0,"comment_status":"closed","ping_status":"closed","template":"","meta":{"footnotes":""},"class_list":["post-225","page","type-page","status-publish","has-post-thumbnail","hentry"],"jetpack_sharing_enabled":true,"_links":{"self":[{"href":"https:\/\/cacis-asso.net\/index.php\/wp-json\/wp\/v2\/pages\/225","targetHints":{"allow":["GET"]}}],"collection":[{"href":"https:\/\/cacis-asso.net\/index.php\/wp-json\/wp\/v2\/pages"}],"about":[{"href":"https:\/\/cacis-asso.net\/index.php\/wp-json\/wp\/v2\/types\/page"}],"author":[{"embeddable":true,"href":"https:\/\/cacis-asso.net\/index.php\/wp-json\/wp\/v2\/users\/1"}],"replies":[{"embeddable":true,"href":"https:\/\/cacis-asso.net\/index.php\/wp-json\/wp\/v2\/comments?post=225"}],"version-history":[{"count":16,"href":"https:\/\/cacis-asso.net\/index.php\/wp-json\/wp\/v2\/pages\/225\/revisions"}],"predecessor-version":[{"id":1420,"href":"https:\/\/cacis-asso.net\/index.php\/wp-json\/wp\/v2\/pages\/225\/revisions\/1420"}],"wp:featuredmedia":[{"embeddable":true,"href":"https:\/\/cacis-asso.net\/index.php\/wp-json\/wp\/v2\/media\/953"}],"wp:attachment":[{"href":"https:\/\/cacis-asso.net\/index.php\/wp-json\/wp\/v2\/media?parent=225"}],"curies":[{"name":"wp","href":"https:\/\/api.w.org\/{rel}","templated":true}]}}