{"id":1123,"date":"2020-01-20T16:01:00","date_gmt":"2020-01-20T15:01:00","guid":{"rendered":"http:\/\/cacis-asso.net\/?page_id=1123"},"modified":"2023-02-14T09:29:50","modified_gmt":"2023-02-14T08:29:50","slug":"cote-pros","status":"publish","type":"page","link":"https:\/\/cacis-asso.net\/index.php\/cote-pros\/","title":{"rendered":"C\u00f4t\u00e9 pros"},"content":{"rendered":"\n<h3 class=\"has-text-align-center wp-block-heading\">Pour les professionnels qui souhaitent travailler avec le CACIS, nous vous invitons \u00e0 cliquer sur le lien suivant  <a href=\"http:\/\/cacis-pro.fr\/\" target=\"_blank\" rel=\"noreferrer noopener\">http:\/\/cacis-pro.fr\/<\/a>  !<br><br><\/h3>\n\n\n\n<p class=\"has-text-align-center\">Pour en savoir un peu plus sur notre activit\u00e9, voici une vid\u00e9o de pr\u00e9sentations de nos activit\u00e9s :<\/p>\n\n\n\n<figure class=\"wp-block-embed is-type-video is-provider-youtube wp-block-embed-youtube wp-embed-aspect-16-9 wp-has-aspect-ratio\"><div class=\"wp-block-embed__wrapper\">\n<iframe loading=\"lazy\"  id=\"_ytid_53666\"  width=\"525\" height=\"295\"  data-origwidth=\"525\" data-origheight=\"295\" src=\"https:\/\/www.youtube.com\/embed\/aotPW_4KLvQ?enablejsapi=1&#038;autoplay=0&#038;cc_load_policy=0&#038;cc_lang_pref=&#038;iv_load_policy=1&#038;loop=0&#038;rel=1&#038;fs=1&#038;playsinline=0&#038;autohide=2&#038;theme=dark&#038;color=red&#038;controls=1&#038;disablekb=0&#038;\" class=\"__youtube_prefs__  epyt-is-override  no-lazyload\" title=\"YouTube player\"  allow=\"fullscreen; accelerometer; autoplay; clipboard-write; encrypted-media; gyroscope; picture-in-picture; web-share\" referrerpolicy=\"strict-origin-when-cross-origin\" allowfullscreen data-no-lazy=\"1\" data-skipgform_ajax_framebjll=\"\"><\/iframe>\n<\/div><\/figure>\n","protected":false},"excerpt":{"rendered":"<p>Pour les professionnels qui souhaitent travailler avec le CACIS, nous vous invitons \u00e0 cliquer sur le lien suivant http:\/\/cacis-pro.fr\/ ! Pour en savoir un peu plus sur notre activit\u00e9, voici une vid\u00e9o de pr\u00e9sentations de nos activit\u00e9s :<\/p>\n","protected":false},"author":1,"featured_media":0,"parent":0,"menu_order":0,"comment_status":"closed","ping_status":"closed","template":"","meta":{"footnotes":""},"class_list":["post-1123","page","type-page","status-publish","hentry"],"jetpack_sharing_enabled":true,"_links":{"self":[{"href":"https:\/\/cacis-asso.net\/index.php\/wp-json\/wp\/v2\/pages\/1123","targetHints":{"allow":["GET"]}}],"collection":[{"href":"https:\/\/cacis-asso.net\/index.php\/wp-json\/wp\/v2\/pages"}],"about":[{"href":"https:\/\/cacis-asso.net\/index.php\/wp-json\/wp\/v2\/types\/page"}],"author":[{"embeddable":true,"href":"https:\/\/cacis-asso.net\/index.php\/wp-json\/wp\/v2\/users\/1"}],"replies":[{"embeddable":true,"href":"https:\/\/cacis-asso.net\/index.php\/wp-json\/wp\/v2\/comments?post=1123"}],"version-history":[{"count":4,"href":"https:\/\/cacis-asso.net\/index.php\/wp-json\/wp\/v2\/pages\/1123\/revisions"}],"predecessor-version":[{"id":1351,"href":"https:\/\/cacis-asso.net\/index.php\/wp-json\/wp\/v2\/pages\/1123\/revisions\/1351"}],"wp:attachment":[{"href":"https:\/\/cacis-asso.net\/index.php\/wp-json\/wp\/v2\/media?parent=1123"}],"curies":[{"name":"wp","href":"https:\/\/api.w.org\/{rel}","templated":true}]}}